{"id":3,"date":"2021-09-28T16:46:06","date_gmt":"2021-09-28T15:46:06","guid":{"rendered":"http:\/\/chateaucamponac.fr\/?page_id=3"},"modified":"2024-05-15T14:24:44","modified_gmt":"2024-05-15T13:24:44","slug":"mentions-legales","status":"publish","type":"page","link":"https:\/\/chateaucamponac.com\/de\/mentions-legales\/","title":{"rendered":"Rechtliche Hinweise"},"content":{"rendered":"\n<h1 class=\"wp-block-heading\" id=\"mentions-legales\">Rechtliche Hinweise<\/h1>\n\n\n\n<div class=\"wp-block-columns is-layout-flex wp-container-core-columns-is-layout-9d6595d7 wp-block-columns-is-layout-flex\">\n<div class=\"wp-block-column is-layout-flow wp-block-column-is-layout-flow\">\n<h2 class=\"wp-block-heading\" id=\"proprietaire-du-site\">Besitzer der Seite<\/h2>\n\n\n\n<p>Ch\u00e2teau Camponac<br>1, Camponac<br>F-33710 Bourg<br>France<br><br>SIREN-Nummer: 88824708700016<br>Umsatzsteuer-Identifikationsnummer: FR50888247087<\/p>\n\n\n\n<h2 class=\"wp-block-heading\" id=\"hebergement\">Design und Kommunikation<\/h2>\n\n\n\n<p>Less design<br>Chemin du Verger 10<br>CH-1800 Vevey \/ Suisse<\/p>\n\n\n\n<p><a href=\"http:\/\/www.monwebsite.ch\">ww<\/a><a href=\"http:\/\/less-design.com\">w.less-design.com<\/a><\/p>\n\n\n\n<h2 class=\"wp-block-heading\" id=\"hebergement\">Web-Entwicklung<\/h2>\n\n\n\n<p>IT Solutions Commend<br>J\u00e9r\u00e9mie Commend<br>CH-1800 Vevey \/ Suisse<\/p>\n\n\n\n<p><a href=\"http:\/\/www.monwebsite.ch\">monwebsite.ch<\/a><\/p>\n\n\n\n<h2 class=\"wp-block-heading\" id=\"hebergement\">Unterk\u00fcnfte<\/h2>\n\n\n\n<p>Unsere Daten werden bei externen Dienstleistern gehostet, die ebenfalls die Vertraulichkeit der Daten in Bezug auf chateaucamponac.com garantieren, sodass die jeweiligen Datenschutzrichtlinien ebenfalls gelten.<\/p>\n\n\n\n<p>Mail: infomaniak.com<br>Web: meinewebsite.ch<\/p>\n<\/div>\n\n\n\n<div class=\"wp-block-column is-layout-flow wp-block-column-is-layout-flow\">\n<h2 class=\"wp-block-heading\" id=\"acces-au-site\">Zugang zur Seite<\/h2>\n\n\n\n<p>Diese Website ist f\u00fcr den pers\u00f6nlichen und privaten Gebrauch von Internetnutzern im gesetzlich vorgeschriebenen Alter f\u00fcr den Konsum von Alkohol in L\u00e4ndern und Gebieten, in denen der Konsum von alkoholischen Getr\u00e4nken gesetzlich erlaubt ist, bestimmt. Wenn Sie diese Bedingungen nicht erf\u00fcllen, m\u00fcssen Sie die Website sofort verlassen.Die Verordnung Nr. 59-107 vom 7. Januar 1959 und das Gesetz Nr. 74-631 vom 5. Juli 1974 verbieten den Verkauf und das Anbieten von alkoholischen Getr\u00e4nken an Minderj\u00e4hrige und gleichgestellte Personen. Mit dem Ausf\u00fcllen des Bestellformulars best\u00e4tigen Sie, dass Sie gesch\u00e4ftsf\u00e4hig sind und den vorliegenden Vertrag abschlie\u00dfen k\u00f6nnen.Alkoholmissbrauch ist gesundheitssch\u00e4dlich. Trinken Sie in Ma\u00dfen!<\/p>\n\n\n\n<h2 class=\"wp-block-heading\" id=\"respect-de-la-vie-privee-et-droits-d-acces-ou-de-modification-des-donnees-personnelles\">Schutz der Privatsph\u00e4re und Recht auf Zugang zu oder \u00c4nderung von personenbezogenen Daten<\/h2>\n\n\n\n<p>Hierbei handelt es sich um die von Ch\u00e2teau Camponac angenommene Politik zum Schutz der Privatsph\u00e4re. Um Ihnen angemessene Dienstleistungen anbieten zu k\u00f6nnen, kann es sein, dass wir Sie bitten, uns pers\u00f6nliche Daten zur Verf\u00fcgung zu stellen. Wir verpflichten uns, Ihre Privatsph\u00e4re zu respektieren und die Informationen, die Sie uns zur Verf\u00fcgung stellen, zu sch\u00fctzen. Insbesondere sind die auf dieser Website gesammelten pers\u00f6nlichen Daten ausschlie\u00dflich f\u00fcr Ch\u00e2teau Camponac bestimmt. Sie sind vertraulich und werden als solche behandelt und k\u00f6nnen nicht an Dritte weitergegeben werden. Gem\u00e4\u00df dem franz\u00f6sischen Datenschutzgesetz vom 6. Januar 1978 haben Sie das Recht, auf die von Ihnen \u00fcbermittelten pers\u00f6nlichen Daten zuzugreifen, sie zu berichtigen, zu \u00e4ndern und zu l\u00f6schen. Sie k\u00f6nnen von diesem Recht Gebrauch machen, indem Sie eine E-Mail an folgende Adresse senden: info@chateaucamponac.com<\/p>\n\n\n\n<h2 class=\"wp-block-heading\" id=\"cookies\">Cookies\u00a0<\/h2>\n\n\n\n<p>Diese Website verwendet Cookies. Wenn Sie sich daf\u00fcr entscheiden, unsere Website weiterhin zu nutzen, stimmen Sie der Verwendung unserer Cookies zu. Diese Cookies erm\u00f6glichen es, den Besuchern ein optimales Surferlebnis zu bieten.<strong class=\"privacy-policy-tutorial\"><\/strong><\/p>\n\n\n\n<h2 class=\"wp-block-heading\" id=\"propriete-intellectuelle-respect-des-droits-d-auteur\">Geistiges Eigentum &#8211; Achtung des Urheberrechts<\/h2>\n\n\n\n<p>Der Zugang zu unserer Website verleiht Ihnen ein privates und nicht exklusives Nutzungsrecht f\u00fcr diese Website. Alle auf dieser Website ver\u00f6ffentlichten Elemente, insbesondere Texte, Fotografien, Infografiken, Logos und Marken, sind Werke im Sinne des Gesetzes \u00fcber geistiges Eigentum (Code de la Propri\u00e9t\u00e9 Intellectuelle). Folglich ist jede vollst\u00e4ndige oder teilweise Darstellung oder Vervielf\u00e4ltigung, die ohne die Zustimmung der Autoren oder ihrer Rechtsnachfolger erfolgen k\u00f6nnte, rechtswidrig.<br><\/p>\n<\/div>\n<\/div>\n\n\n\n<hr class=\"wp-block-separator has-css-opacity\"\/>\n\n\n\n<p><\/p>\n","protected":false},"excerpt":{"rendered":"<p>Rechtliche Hinweise Besitzer der Seite Ch\u00e2teau Camponac1, CamponacF-33710 BourgFrance SIREN-Nummer: 88824708700016Umsatzsteuer-Identifikationsnummer: FR50888247087 Design und Kommunikation Less designChemin du Verger 10CH-1800 Vevey \/ Suisse www.less-design.com Web-Entwicklung IT Solutions CommendJ\u00e9r\u00e9mie CommendCH-1800 Vevey \/ Suisse monwebsite.ch Unterk\u00fcnfte Unsere Daten werden bei externen Dienstleistern gehostet, die ebenfalls die Vertraulichkeit der Daten in Bezug auf chateaucamponac.com garantieren, sodass die jeweiligen [&hellip;]<\/p>\n","protected":false},"author":1,"featured_media":0,"parent":0,"menu_order":0,"comment_status":"closed","ping_status":"closed","template":"","meta":{"footnotes":""},"class_list":["post-3","page","type-page","status-publish","hentry"],"acf":[],"yoast_head":"<!-- This site is optimized with the Yoast SEO plugin v24.8.1 - https:\/\/yoast.com\/wordpress\/plugins\/seo\/ -->\n<title>Rechtliche Hinweise - Ch\u00e2teau Camponac<\/title>\n<meta name=\"description\" content=\"Ce site est r\u00e9serv\u00e9 \u00e0 un usage personnel et priv\u00e9 de l\u2019internaute en \u00e2ge l\u00e9gal de consommer de l\u2019alcool dans son pays de r\u00e9sidence.\" \/>\n<meta name=\"robots\" content=\"index, follow, max-snippet:-1, max-image-preview:large, max-video-preview:-1\" \/>\n<link rel=\"canonical\" href=\"https:\/\/chateaucamponac.com\/de\/mentions-legales\/\" \/>\n<meta property=\"og:locale\" content=\"de_DE\" \/>\n<meta property=\"og:type\" content=\"article\" \/>\n<meta property=\"og:title\" content=\"Rechtliche Hinweise\" \/>\n<meta property=\"og:description\" content=\"Ce site est r\u00e9serv\u00e9 \u00e0 un usage personnel et priv\u00e9 de l\u2019internaute en \u00e2ge l\u00e9gal de consommer de l\u2019alcool dans son pays de r\u00e9sidence.\" \/>\n<meta property=\"og:url\" content=\"https:\/\/chateaucamponac.com\/de\/mentions-legales\/\" \/>\n<meta property=\"og:site_name\" content=\"Ch\u00e2teau Camponac\" \/>\n<meta property=\"article:modified_time\" content=\"2024-05-15T13:24:44+00:00\" \/>\n<meta name=\"twitter:card\" content=\"summary_large_image\" \/>\n<meta name=\"twitter:label1\" content=\"Gesch\u00e4tzte Lesezeit\" \/>\n\t<meta name=\"twitter:data1\" content=\"3\u00a0Minuten\" \/>\n<script type=\"application\/ld+json\" class=\"yoast-schema-graph\">{\"@context\":\"https:\/\/schema.org\",\"@graph\":[{\"@type\":\"WebPage\",\"@id\":\"https:\/\/chateaucamponac.com\/de\/mentions-legales\/\",\"url\":\"https:\/\/chateaucamponac.com\/de\/mentions-legales\/\",\"name\":\"[:fr]Mentions l\u00e9gales[:en]Terms of use[:de]Rechtliche Hinweise[:] - Ch\u00e2teau Camponac\",\"isPartOf\":{\"@id\":\"https:\/\/chateaucamponac.com\/#website\"},\"datePublished\":\"2021-09-28T15:46:06+00:00\",\"dateModified\":\"2024-05-15T13:24:44+00:00\",\"description\":\"Ce site est r\u00e9serv\u00e9 \u00e0 un usage personnel et priv\u00e9 de l\u2019internaute en \u00e2ge l\u00e9gal de consommer de l\u2019alcool dans son pays de r\u00e9sidence.\",\"breadcrumb\":{\"@id\":\"https:\/\/chateaucamponac.com\/de\/mentions-legales\/#breadcrumb\"},\"inLanguage\":\"de-DE\",\"potentialAction\":[{\"@type\":\"ReadAction\",\"target\":[\"https:\/\/chateaucamponac.com\/de\/mentions-legales\/\"]}]},{\"@type\":\"BreadcrumbList\",\"@id\":\"https:\/\/chateaucamponac.com\/de\/mentions-legales\/#breadcrumb\",\"itemListElement\":[{\"@type\":\"ListItem\",\"position\":1,\"name\":\"Accueil\",\"item\":\"https:\/\/chateaucamponac.com\/de\/\"},{\"@type\":\"ListItem\",\"position\":2,\"name\":\"Rechtliche Hinweise\"}]},{\"@type\":\"WebSite\",\"@id\":\"https:\/\/chateaucamponac.com\/#website\",\"url\":\"https:\/\/chateaucamponac.com\/\",\"name\":\"Ch\u00e2teau Camponac\",\"description\":\"Leidenschaft f\u00fcr das Land\",\"potentialAction\":[{\"@type\":\"SearchAction\",\"target\":{\"@type\":\"EntryPoint\",\"urlTemplate\":\"https:\/\/chateaucamponac.com\/?s={search_term_string}\"},\"query-input\":{\"@type\":\"PropertyValueSpecification\",\"valueRequired\":true,\"valueName\":\"search_term_string\"}}],\"inLanguage\":\"de-DE\"}]}<\/script>\n<!-- \/ Yoast SEO plugin. -->","yoast_head_json":{"title":"Rechtliche Hinweise - Ch\u00e2teau Camponac","description":"Ce site est r\u00e9serv\u00e9 \u00e0 un usage personnel et priv\u00e9 de l\u2019internaute en \u00e2ge l\u00e9gal de consommer de l\u2019alcool dans son pays de r\u00e9sidence.","robots":{"index":"index","follow":"follow","max-snippet":"max-snippet:-1","max-image-preview":"max-image-preview:large","max-video-preview":"max-video-preview:-1"},"canonical":"https:\/\/chateaucamponac.com\/de\/mentions-legales\/","og_locale":"de_DE","og_type":"article","og_title":"[:fr]Mentions l\u00e9gales[:en]Terms of use[:de]Rechtliche Hinweise[:] - Ch\u00e2teau Camponac","og_description":"Ce site est r\u00e9serv\u00e9 \u00e0 un usage personnel et priv\u00e9 de l\u2019internaute en \u00e2ge l\u00e9gal de consommer de l\u2019alcool dans son pays de r\u00e9sidence.","og_url":"https:\/\/chateaucamponac.com\/de\/mentions-legales\/","og_site_name":"Ch\u00e2teau Camponac","article_modified_time":"2024-05-15T13:24:44+00:00","twitter_card":"summary_large_image","twitter_misc":{"Gesch\u00e4tzte Lesezeit":"3\u00a0Minuten"},"schema":{"@context":"https:\/\/schema.org","@graph":[{"@type":"WebPage","@id":"https:\/\/chateaucamponac.com\/de\/mentions-legales\/","url":"https:\/\/chateaucamponac.com\/de\/mentions-legales\/","name":"[:fr]Mentions l\u00e9gales[:en]Terms of use[:de]Rechtliche Hinweise[:] - Ch\u00e2teau Camponac","isPartOf":{"@id":"https:\/\/chateaucamponac.com\/#website"},"datePublished":"2021-09-28T15:46:06+00:00","dateModified":"2024-05-15T13:24:44+00:00","description":"Ce site est r\u00e9serv\u00e9 \u00e0 un usage personnel et priv\u00e9 de l\u2019internaute en \u00e2ge l\u00e9gal de consommer de l\u2019alcool dans son pays de r\u00e9sidence.","breadcrumb":{"@id":"https:\/\/chateaucamponac.com\/de\/mentions-legales\/#breadcrumb"},"inLanguage":"de-DE","potentialAction":[{"@type":"ReadAction","target":["https:\/\/chateaucamponac.com\/de\/mentions-legales\/"]}]},{"@type":"BreadcrumbList","@id":"https:\/\/chateaucamponac.com\/de\/mentions-legales\/#breadcrumb","itemListElement":[{"@type":"ListItem","position":1,"name":"Accueil","item":"https:\/\/chateaucamponac.com\/de\/"},{"@type":"ListItem","position":2,"name":"Rechtliche Hinweise"}]},{"@type":"WebSite","@id":"https:\/\/chateaucamponac.com\/#website","url":"https:\/\/chateaucamponac.com\/","name":"Ch\u00e2teau Camponac","description":"Leidenschaft f\u00fcr das Land","potentialAction":[{"@type":"SearchAction","target":{"@type":"EntryPoint","urlTemplate":"https:\/\/chateaucamponac.com\/?s={search_term_string}"},"query-input":{"@type":"PropertyValueSpecification","valueRequired":true,"valueName":"search_term_string"}}],"inLanguage":"de-DE"}]}},"jetpack_sharing_enabled":true,"_links":{"self":[{"href":"https:\/\/chateaucamponac.com\/de\/wp-json\/wp\/v2\/pages\/3","targetHints":{"allow":["GET"]}}],"collection":[{"href":"https:\/\/chateaucamponac.com\/de\/wp-json\/wp\/v2\/pages"}],"about":[{"href":"https:\/\/chateaucamponac.com\/de\/wp-json\/wp\/v2\/types\/page"}],"author":[{"embeddable":true,"href":"https:\/\/chateaucamponac.com\/de\/wp-json\/wp\/v2\/users\/1"}],"replies":[{"embeddable":true,"href":"https:\/\/chateaucamponac.com\/de\/wp-json\/wp\/v2\/comments?post=3"}],"version-history":[{"count":25,"href":"https:\/\/chateaucamponac.com\/de\/wp-json\/wp\/v2\/pages\/3\/revisions"}],"predecessor-version":[{"id":1402,"href":"https:\/\/chateaucamponac.com\/de\/wp-json\/wp\/v2\/pages\/3\/revisions\/1402"}],"wp:attachment":[{"href":"https:\/\/chateaucamponac.com\/de\/wp-json\/wp\/v2\/media?parent=3"}],"curies":[{"name":"wp","href":"https:\/\/api.w.org\/{rel}","templated":true}]}}