{"id":43,"date":"2021-10-09T12:22:13","date_gmt":"2021-10-09T11:22:13","guid":{"rendered":"https:\/\/chateaucamponac.fr\/?page_id=43"},"modified":"2024-05-15T14:18:51","modified_gmt":"2024-05-15T13:18:51","slug":"le-domaine","status":"publish","type":"page","link":"https:\/\/chateaucamponac.com\/de\/le-domaine\/","title":{"rendered":"Die Dom\u00e4ne"},"content":{"rendered":"<div class=\"n2_clear\"><ss3-force-full-width data-overflow-x=\"body\" data-horizontal-selector=\"body\"><div class=\"n2-section-smartslider fitvidsignore  n2_clear\" data-ssid=\"5\" tabindex=\"0\" role=\"region\" aria-label=\"Slider\"><div id=\"n2-ss-5-align\" class=\"n2-ss-align\"><div class=\"n2-padding\"><div id=\"n2-ss-5\" data-creator=\"Smart Slider 3\" data-responsive=\"fullwidth\" class=\"n2-ss-slider n2-ow n2-has-hover n2notransition  \">\n        <div class=\"n2-ss-slider-1 n2_ss__touch_element n2-ow\">\n            <div class=\"n2-ss-slider-2 n2-ow\">\n                                                <div class=\"n2-ss-slider-3 n2-ow\">\n\n                    <div class=\"n2-ss-slide-backgrounds n2-ow-all\"><div class=\"n2-ss-slide-background\" data-public-id=\"1\" data-mode=\"fill\"><div class=\"n2-ss-slide-background-image\" data-blur=\"0\" data-opacity=\"100\" data-x=\"50\" data-y=\"50\" data-alt=\"\" data-title=\"\"><picture class=\"skip-lazy jetpack-lazy-image\" data-skip-lazy=\"1\"><img decoding=\"async\" src=\"\/\/chateaucamponac.com\/wp-content\/uploads\/2021\/10\/2048-1536-max-1.jpg\" alt=\"\" title=\"\" loading=\"lazy\" class=\"skip-lazy jetpack-lazy-image\" data-skip-lazy=\"1\"><\/picture><\/div><div data-color=\"RGBA(255,255,255,0)\" style=\"background-color: RGBA(255,255,255,0);\" class=\"n2-ss-slide-background-color\"><\/div><\/div><\/div>                    <div class=\"n2-ss-slider-4 n2-ow\">\n                        <svg xmlns=\"http:\/\/www.w3.org\/2000\/svg\" viewBox=\"0 0 1200 600\" data-related-device=\"desktopPortrait\" class=\"n2-ow n2-ss-preserve-size n2-ss-preserve-size--slider n2-ss-slide-limiter\"><\/svg><div data-first=\"1\" data-slide-duration=\"0\" data-id=\"8\" data-slide-public-id=\"1\" data-title=\"2048-1536-max\" class=\"n2-ss-slide n2-ow  n2-ss-slide-8\"><div role=\"note\" class=\"n2-ss-slide--focus\" tabindex=\"-1\">2048-1536-max<\/div><div class=\"n2-ss-layers-container n2-ss-slide-limiter n2-ow\"><div class=\"n2-ss-layer n2-ow n-uc-fLekRB0bk4rv\" data-sstype=\"slide\" data-pm=\"default\"><\/div><\/div><\/div>                    <\/div>\n\n                                    <\/div>\n            <\/div>\n        <\/div>\n        <\/div><ss3-loader><\/ss3-loader><\/div><\/div><div class=\"n2_clear\"><\/div><\/div><\/ss3-force-full-width><\/div>\n\n\n<h2 class=\"wp-block-heading\" id=\"bienvenu-e-s-au-domaine-chateau-camponac\">Willkommen auf dem Weingut Ch\u00e2teau Camponac<\/h2>\n\n\n\n<div class=\"wp-block-columns is-layout-flex wp-container-core-columns-is-layout-9d6595d7 wp-block-columns-is-layout-flex\">\n<div class=\"wp-block-column is-layout-flow wp-block-column-is-layout-flow\" style=\"flex-basis:66.66%\">\n<p>Das Ch\u00e2teau Camponac liegt etwa 30 km von Bordeaux und 1,5 km vom Dorf Bourg entfernt. Es empf\u00e4ngt Sie in einer h\u00fcgeligen Landschaft inmitten von Weinbergen, deren \u00e4lteste Pflanzen aus dem Jahr 1959 stammen.<\/p>\n<\/div>\n\n\n\n<div class=\"wp-block-column is-layout-flow wp-block-column-is-layout-flow\" style=\"flex-basis:33.33%\"><\/div>\n<\/div>\n\n\n\n<div class=\"wp-block-columns is-layout-flex wp-container-core-columns-is-layout-9d6595d7 wp-block-columns-is-layout-flex\">\n<div class=\"wp-block-column is-layout-flow wp-block-column-is-layout-flow\">\n<figure class=\"wp-block-image size-large\"><img data-recalc-dims=\"1\" loading=\"lazy\" decoding=\"async\" width=\"980\" height=\"792\" src=\"https:\/\/i0.wp.com\/chateaucamponac.com\/wp-content\/uploads\/2021\/10\/domaine_couleur.jpg?resize=980%2C792&#038;ssl=1\" alt=\"\" class=\"wp-image-374\" srcset=\"https:\/\/i0.wp.com\/chateaucamponac.com\/wp-content\/uploads\/2021\/10\/domaine_couleur.jpg?resize=1024%2C828&amp;ssl=1 1024w, https:\/\/i0.wp.com\/chateaucamponac.com\/wp-content\/uploads\/2021\/10\/domaine_couleur.jpg?resize=300%2C243&amp;ssl=1 300w, https:\/\/i0.wp.com\/chateaucamponac.com\/wp-content\/uploads\/2021\/10\/domaine_couleur.jpg?resize=768%2C621&amp;ssl=1 768w, https:\/\/i0.wp.com\/chateaucamponac.com\/wp-content\/uploads\/2021\/10\/domaine_couleur.jpg?resize=1536%2C1243&amp;ssl=1 1536w, https:\/\/i0.wp.com\/chateaucamponac.com\/wp-content\/uploads\/2021\/10\/domaine_couleur.jpg?resize=416%2C337&amp;ssl=1 416w, https:\/\/i0.wp.com\/chateaucamponac.com\/wp-content\/uploads\/2021\/10\/domaine_couleur.jpg?w=2000&amp;ssl=1 2000w\" sizes=\"auto, (max-width: 980px) 100vw, 980px\" \/><\/figure>\n\n\n\n<p>Das Weingut besteht aus 8,5 ha Weinbergen, Wiesen, einem Haupthaus, einem G\u00e4stehaus und Nebengeb\u00e4uden. Wir keltern unsere Weine auf dem Weingut.<\/p>\n<\/div>\n\n\n\n<div class=\"wp-block-column is-layout-flow wp-block-column-is-layout-flow\">\n<figure class=\"wp-block-image size-full\"><img data-recalc-dims=\"1\" loading=\"lazy\" decoding=\"async\" width=\"726\" height=\"493\" src=\"https:\/\/i0.wp.com\/chateaucamponac.com\/wp-content\/uploads\/2021\/10\/Screenshot-2021-10-09-at-13-18-28-CC_web_01.png?resize=726%2C493&#038;ssl=1\" alt=\"\" class=\"wp-image-45\" srcset=\"https:\/\/i0.wp.com\/chateaucamponac.com\/wp-content\/uploads\/2021\/10\/Screenshot-2021-10-09-at-13-18-28-CC_web_01.png?w=726&amp;ssl=1 726w, https:\/\/i0.wp.com\/chateaucamponac.com\/wp-content\/uploads\/2021\/10\/Screenshot-2021-10-09-at-13-18-28-CC_web_01.png?resize=300%2C204&amp;ssl=1 300w, https:\/\/i0.wp.com\/chateaucamponac.com\/wp-content\/uploads\/2021\/10\/Screenshot-2021-10-09-at-13-18-28-CC_web_01.png?resize=416%2C282&amp;ssl=1 416w\" sizes=\"auto, (max-width: 726px) 100vw, 726px\" \/><\/figure>\n\n\n\n<p>Um unsere Produktion zu diversifizieren, werden wir in den kommenden Jahren die Anpflanzung neuer resistenter Rebsorten wie Souvignier gris fortsetzen, die es erm\u00f6glichen, die Behandlungen einzuschr\u00e4nken.<\/p>\n<\/div>\n<\/div>\n\n\n\n<div class=\"wp-block-columns is-layout-flex wp-container-core-columns-is-layout-9d6595d7 wp-block-columns-is-layout-flex\"><\/div>\n\n\n\n<div class=\"wp-block-columns is-layout-flex wp-container-core-columns-is-layout-9d6595d7 wp-block-columns-is-layout-flex\">\n<div class=\"wp-block-column is-layout-flow wp-block-column-is-layout-flow\">\n<div class=\"wp-block-columns is-layout-flex wp-container-core-columns-is-layout-9d6595d7 wp-block-columns-is-layout-flex\">\n<div class=\"wp-block-column is-layout-flow wp-block-column-is-layout-flow\" style=\"flex-basis:100%\"><\/div>\n<\/div>\n<\/div>\n<\/div>\n\n\n\n<hr class=\"wp-block-separator has-text-color has-css-opacity has-background aligncenter is-style-wide\" style=\"background-color:#726434;color:#726434\"\/>\n\n\n\n<p><\/p>\n\n\n\n<h2 class=\"wp-block-heading alignwide has-text-color\" id=\"l-histoire\" style=\"color:#726434\">Das Terroir<\/h2>\n\n\n\n<div class=\"wp-block-columns is-layout-flex wp-container-core-columns-is-layout-9d6595d7 wp-block-columns-is-layout-flex\">\n<div class=\"wp-block-column is-layout-flow wp-block-column-is-layout-flow\">\n<figure class=\"wp-block-image size-large\"><img data-recalc-dims=\"1\" loading=\"lazy\" decoding=\"async\" width=\"980\" height=\"649\" src=\"https:\/\/i0.wp.com\/chateaucamponac.com\/wp-content\/uploads\/2021\/10\/Screenshot-2021-10-09-at-13-21-16-CC_web_Camponac.png?resize=980%2C649&#038;ssl=1\" alt=\"\" class=\"wp-image-46\" srcset=\"https:\/\/i0.wp.com\/chateaucamponac.com\/wp-content\/uploads\/2021\/10\/Screenshot-2021-10-09-at-13-21-16-CC_web_Camponac.png?resize=1024%2C678&amp;ssl=1 1024w, https:\/\/i0.wp.com\/chateaucamponac.com\/wp-content\/uploads\/2021\/10\/Screenshot-2021-10-09-at-13-21-16-CC_web_Camponac.png?resize=300%2C199&amp;ssl=1 300w, https:\/\/i0.wp.com\/chateaucamponac.com\/wp-content\/uploads\/2021\/10\/Screenshot-2021-10-09-at-13-21-16-CC_web_Camponac.png?resize=768%2C509&amp;ssl=1 768w, https:\/\/i0.wp.com\/chateaucamponac.com\/wp-content\/uploads\/2021\/10\/Screenshot-2021-10-09-at-13-21-16-CC_web_Camponac.png?resize=816%2C541&amp;ssl=1 816w, https:\/\/i0.wp.com\/chateaucamponac.com\/wp-content\/uploads\/2021\/10\/Screenshot-2021-10-09-at-13-21-16-CC_web_Camponac.png?resize=416%2C276&amp;ssl=1 416w, https:\/\/i0.wp.com\/chateaucamponac.com\/wp-content\/uploads\/2021\/10\/Screenshot-2021-10-09-at-13-21-16-CC_web_Camponac.png?w=1096&amp;ssl=1 1096w\" sizes=\"auto, (max-width: 980px) 100vw, 980px\" \/><\/figure>\n<\/div>\n<\/div>\n\n\n\n<div class=\"wp-block-columns is-layout-flex wp-container-core-columns-is-layout-9d6595d7 wp-block-columns-is-layout-flex\">\n<div class=\"wp-block-column is-layout-flow wp-block-column-is-layout-flow\">\n<p>Das Weingut besteht aus drei sehr unterschiedlichen Unterb\u00f6den.<\/p>\n\n\n\n<p>Unsere Cabernet Sauvignons stehen auf einem ton- und kalkhaltigen Boden. In der Tiefe findet man einen Kalk-Sandstein, dessen Ursprung auf das Eoz\u00e4n (~50 Millionen Jahre) zur\u00fcckgeht, eine Zeit intensiver Klimaerw\u00e4rmung.<\/p>\n\n\n\n<p>Die Merlot- und Cabernet-Franc-Weine werden auf einer Erde gepflanzt, die im Quart\u00e4r entstanden ist und viel j\u00fcnger ist (~2 Millionen Jahre). Diese B\u00f6den bestehen aus Kolluvium, dessen Ursprung das Erosionsglacis ist. Es handelt sich um einen \u00fcberwiegend lehmig-schluffigen Boden, ein sp\u00e4t reifendes Terroir.<\/p>\n<\/div>\n\n\n\n<div class=\"wp-block-column is-layout-flow wp-block-column-is-layout-flow\">\n<p>Die Malbecs und Merlots schlie\u00dflich, die sich auf den Spitzen der h\u00fcgeligen H\u00e4nge befinden, werden in Quarzitkies gepflanzt, der aus einer Fluss- oder Deltaformation stammt, was ein recht fr\u00fches Terroir ergibt.<\/p>\n<\/div>\n<\/div>\n\n\n\n<p><\/p>\n\n\n\n<h2 class=\"wp-block-heading alignwide has-text-color\" id=\"l-histoire\" style=\"color:#726434\">Die Geschichte<\/h2>\n\n\n\n<div class=\"wp-block-columns is-layout-flex wp-container-core-columns-is-layout-9d6595d7 wp-block-columns-is-layout-flex\">\n<div class=\"wp-block-column is-layout-flow wp-block-column-is-layout-flow\"><div class=\"wp-block-image\">\n<figure class=\"aligncenter size-large\"><img data-recalc-dims=\"1\" loading=\"lazy\" decoding=\"async\" width=\"980\" height=\"651\" src=\"https:\/\/i0.wp.com\/chateaucamponac.com\/wp-content\/uploads\/2021\/10\/Screenshot-2021-10-09-at-13-24-27-CC_web_Camponac.png?resize=980%2C651&#038;ssl=1\" alt=\"\" class=\"wp-image-49\" srcset=\"https:\/\/i0.wp.com\/chateaucamponac.com\/wp-content\/uploads\/2021\/10\/Screenshot-2021-10-09-at-13-24-27-CC_web_Camponac.png?resize=1024%2C680&amp;ssl=1 1024w, https:\/\/i0.wp.com\/chateaucamponac.com\/wp-content\/uploads\/2021\/10\/Screenshot-2021-10-09-at-13-24-27-CC_web_Camponac.png?resize=300%2C199&amp;ssl=1 300w, https:\/\/i0.wp.com\/chateaucamponac.com\/wp-content\/uploads\/2021\/10\/Screenshot-2021-10-09-at-13-24-27-CC_web_Camponac.png?resize=768%2C510&amp;ssl=1 768w, https:\/\/i0.wp.com\/chateaucamponac.com\/wp-content\/uploads\/2021\/10\/Screenshot-2021-10-09-at-13-24-27-CC_web_Camponac.png?resize=816%2C542&amp;ssl=1 816w, https:\/\/i0.wp.com\/chateaucamponac.com\/wp-content\/uploads\/2021\/10\/Screenshot-2021-10-09-at-13-24-27-CC_web_Camponac.png?resize=416%2C276&amp;ssl=1 416w, https:\/\/i0.wp.com\/chateaucamponac.com\/wp-content\/uploads\/2021\/10\/Screenshot-2021-10-09-at-13-24-27-CC_web_Camponac.png?w=1100&amp;ssl=1 1100w\" sizes=\"auto, (max-width: 980px) 100vw, 980px\" \/><\/figure>\n<\/div><\/div>\n<\/div>\n\n\n\n<div class=\"wp-block-columns is-layout-flex wp-container-core-columns-is-layout-9d6595d7 wp-block-columns-is-layout-flex\">\n<div class=\"wp-block-column is-layout-flow wp-block-column-is-layout-flow\">\n<p>Das Weingut stammt aus dem 19. Jahrhundert, die ersten Spuren gehen auf die Version des Feret von 1893 zur\u00fcck, in der das Weingut fest verankert und damals als Cru Bourgeois klassifiziert wurde, was seitdem verboten ist. Die Hauptgeb\u00e4ude sind mit den heutigen Geb\u00e4uden identisch, zumindest was die Fassade betrifft. Wenn man sich die B\u00e4ume auf den Fotos ansieht, vor allem die Magnolie auf der rechten Seite des Fotos, die schon 50 Jahre alt zu sein scheint, kann man davon ausgehen, dass das Anwesen aus den 1850er Jahren stammt.<\/p>\n<\/div>\n\n\n\n<div class=\"wp-block-column is-layout-flow wp-block-column-is-layout-flow\">\n<p><\/p>\n<\/div>\n<\/div>\n\n\n\n<p><\/p>\n","protected":false},"excerpt":{"rendered":"<p>Willkommen auf dem Weingut Ch\u00e2teau Camponac Das Ch\u00e2teau Camponac liegt etwa 30 km von Bordeaux und 1,5 km vom Dorf Bourg entfernt. Es empf\u00e4ngt Sie in einer h\u00fcgeligen Landschaft inmitten von Weinbergen, deren \u00e4lteste Pflanzen aus dem Jahr 1959 stammen. Das Weingut besteht aus 8,5 ha Weinbergen, Wiesen, einem Haupthaus, einem G\u00e4stehaus und Nebengeb\u00e4uden. Wir [&hellip;]<\/p>\n","protected":false},"author":1,"featured_media":0,"parent":0,"menu_order":0,"comment_status":"closed","ping_status":"closed","template":"","meta":{"footnotes":""},"class_list":["post-43","page","type-page","status-publish","hentry"],"acf":[],"yoast_head":"<!-- This site is optimized with the Yoast SEO plugin v24.8.1 - https:\/\/yoast.com\/wordpress\/plugins\/seo\/ -->\n<title>Die Dom\u00e4ne - Ch\u00e2teau Camponac<\/title>\n<meta name=\"robots\" content=\"index, follow, max-snippet:-1, max-image-preview:large, max-video-preview:-1\" \/>\n<link rel=\"canonical\" href=\"https:\/\/chateaucamponac.com\/de\/le-domaine\/\" \/>\n<meta property=\"og:locale\" content=\"de_DE\" \/>\n<meta property=\"og:type\" content=\"article\" \/>\n<meta property=\"og:title\" content=\"Die Dom\u00e4ne\" \/>\n<meta property=\"og:description\" content=\"Willkommen auf dem Weingut Ch\u00e2teau Camponac Das Ch\u00e2teau Camponac liegt etwa 30 km von Bordeaux und 1,5 km vom Dorf Bourg entfernt. Es empf\u00e4ngt Sie in einer h\u00fcgeligen Landschaft inmitten von Weinbergen, deren \u00e4lteste Pflanzen aus dem Jahr 1959 stammen. Das Weingut besteht aus 8,5 ha Weinbergen, Wiesen, einem Haupthaus, einem G\u00e4stehaus und Nebengeb\u00e4uden. Wir [&hellip;]\" \/>\n<meta property=\"og:url\" content=\"https:\/\/chateaucamponac.com\/de\/le-domaine\/\" \/>\n<meta property=\"og:site_name\" content=\"Ch\u00e2teau Camponac\" \/>\n<meta property=\"article:modified_time\" content=\"2024-05-15T13:18:51+00:00\" \/>\n<meta property=\"og:image\" content=\"https:\/\/chateaucamponac.com\/wp-content\/uploads\/2021\/10\/domaine_couleur-1024x828.jpg\" \/>\n<meta name=\"twitter:card\" content=\"summary_large_image\" \/>\n<meta name=\"twitter:label1\" content=\"Gesch\u00e4tzte Lesezeit\" \/>\n\t<meta name=\"twitter:data1\" content=\"3\u00a0Minuten\" \/>\n<script type=\"application\/ld+json\" class=\"yoast-schema-graph\">{\"@context\":\"https:\/\/schema.org\",\"@graph\":[{\"@type\":\"WebPage\",\"@id\":\"https:\/\/chateaucamponac.com\/de\/le-domaine\/\",\"url\":\"https:\/\/chateaucamponac.com\/de\/le-domaine\/\",\"name\":\"[:fr]Le domaine[:en]The domain[:de]Die Dom\u00e4ne[:] - Ch\u00e2teau Camponac\",\"isPartOf\":{\"@id\":\"https:\/\/chateaucamponac.com\/#website\"},\"primaryImageOfPage\":{\"@id\":\"https:\/\/chateaucamponac.com\/de\/le-domaine\/#primaryimage\"},\"image\":{\"@id\":\"https:\/\/chateaucamponac.com\/de\/le-domaine\/#primaryimage\"},\"thumbnailUrl\":\"https:\/\/chateaucamponac.com\/wp-content\/uploads\/2021\/10\/domaine_couleur-1024x828.jpg\",\"datePublished\":\"2021-10-09T11:22:13+00:00\",\"dateModified\":\"2024-05-15T13:18:51+00:00\",\"breadcrumb\":{\"@id\":\"https:\/\/chateaucamponac.com\/de\/le-domaine\/#breadcrumb\"},\"inLanguage\":\"de-DE\",\"potentialAction\":[{\"@type\":\"ReadAction\",\"target\":[\"https:\/\/chateaucamponac.com\/de\/le-domaine\/\"]}]},{\"@type\":\"ImageObject\",\"inLanguage\":\"de-DE\",\"@id\":\"https:\/\/chateaucamponac.com\/de\/le-domaine\/#primaryimage\",\"url\":\"https:\/\/chateaucamponac.com\/wp-content\/uploads\/2021\/10\/domaine_couleur-1024x828.jpg\",\"contentUrl\":\"https:\/\/chateaucamponac.com\/wp-content\/uploads\/2021\/10\/domaine_couleur-1024x828.jpg\"},{\"@type\":\"BreadcrumbList\",\"@id\":\"https:\/\/chateaucamponac.com\/de\/le-domaine\/#breadcrumb\",\"itemListElement\":[{\"@type\":\"ListItem\",\"position\":1,\"name\":\"Accueil\",\"item\":\"https:\/\/chateaucamponac.com\/de\/\"},{\"@type\":\"ListItem\",\"position\":2,\"name\":\"Die Dom\u00e4ne\"}]},{\"@type\":\"WebSite\",\"@id\":\"https:\/\/chateaucamponac.com\/#website\",\"url\":\"https:\/\/chateaucamponac.com\/\",\"name\":\"Ch\u00e2teau Camponac\",\"description\":\"Leidenschaft f\u00fcr das Land\",\"potentialAction\":[{\"@type\":\"SearchAction\",\"target\":{\"@type\":\"EntryPoint\",\"urlTemplate\":\"https:\/\/chateaucamponac.com\/?s={search_term_string}\"},\"query-input\":{\"@type\":\"PropertyValueSpecification\",\"valueRequired\":true,\"valueName\":\"search_term_string\"}}],\"inLanguage\":\"de-DE\"}]}<\/script>\n<!-- \/ Yoast SEO plugin. -->","yoast_head_json":{"title":"Die Dom\u00e4ne - Ch\u00e2teau Camponac","robots":{"index":"index","follow":"follow","max-snippet":"max-snippet:-1","max-image-preview":"max-image-preview:large","max-video-preview":"max-video-preview:-1"},"canonical":"https:\/\/chateaucamponac.com\/de\/le-domaine\/","og_locale":"de_DE","og_type":"article","og_title":"[:fr]Le domaine[:en]The domain[:de]Die Dom\u00e4ne[:] - Ch\u00e2teau Camponac","og_description":"Willkommen auf dem Weingut Ch\u00e2teau Camponac Das Ch\u00e2teau Camponac liegt etwa 30 km von Bordeaux und 1,5 km vom Dorf Bourg entfernt. Es empf\u00e4ngt Sie in einer h\u00fcgeligen Landschaft inmitten von Weinbergen, deren \u00e4lteste Pflanzen aus dem Jahr 1959 stammen. Das Weingut besteht aus 8,5 ha Weinbergen, Wiesen, einem Haupthaus, einem G\u00e4stehaus und Nebengeb\u00e4uden. Wir [&hellip;]","og_url":"https:\/\/chateaucamponac.com\/de\/le-domaine\/","og_site_name":"Ch\u00e2teau Camponac","article_modified_time":"2024-05-15T13:18:51+00:00","og_image":[{"url":"https:\/\/chateaucamponac.com\/wp-content\/uploads\/2021\/10\/domaine_couleur-1024x828.jpg","type":"","width":"","height":""}],"twitter_card":"summary_large_image","twitter_misc":{"Gesch\u00e4tzte Lesezeit":"3\u00a0Minuten"},"schema":{"@context":"https:\/\/schema.org","@graph":[{"@type":"WebPage","@id":"https:\/\/chateaucamponac.com\/de\/le-domaine\/","url":"https:\/\/chateaucamponac.com\/de\/le-domaine\/","name":"[:fr]Le domaine[:en]The domain[:de]Die Dom\u00e4ne[:] - Ch\u00e2teau Camponac","isPartOf":{"@id":"https:\/\/chateaucamponac.com\/#website"},"primaryImageOfPage":{"@id":"https:\/\/chateaucamponac.com\/de\/le-domaine\/#primaryimage"},"image":{"@id":"https:\/\/chateaucamponac.com\/de\/le-domaine\/#primaryimage"},"thumbnailUrl":"https:\/\/chateaucamponac.com\/wp-content\/uploads\/2021\/10\/domaine_couleur-1024x828.jpg","datePublished":"2021-10-09T11:22:13+00:00","dateModified":"2024-05-15T13:18:51+00:00","breadcrumb":{"@id":"https:\/\/chateaucamponac.com\/de\/le-domaine\/#breadcrumb"},"inLanguage":"de-DE","potentialAction":[{"@type":"ReadAction","target":["https:\/\/chateaucamponac.com\/de\/le-domaine\/"]}]},{"@type":"ImageObject","inLanguage":"de-DE","@id":"https:\/\/chateaucamponac.com\/de\/le-domaine\/#primaryimage","url":"https:\/\/chateaucamponac.com\/wp-content\/uploads\/2021\/10\/domaine_couleur-1024x828.jpg","contentUrl":"https:\/\/chateaucamponac.com\/wp-content\/uploads\/2021\/10\/domaine_couleur-1024x828.jpg"},{"@type":"BreadcrumbList","@id":"https:\/\/chateaucamponac.com\/de\/le-domaine\/#breadcrumb","itemListElement":[{"@type":"ListItem","position":1,"name":"Accueil","item":"https:\/\/chateaucamponac.com\/de\/"},{"@type":"ListItem","position":2,"name":"Die Dom\u00e4ne"}]},{"@type":"WebSite","@id":"https:\/\/chateaucamponac.com\/#website","url":"https:\/\/chateaucamponac.com\/","name":"Ch\u00e2teau Camponac","description":"Leidenschaft f\u00fcr das Land","potentialAction":[{"@type":"SearchAction","target":{"@type":"EntryPoint","urlTemplate":"https:\/\/chateaucamponac.com\/?s={search_term_string}"},"query-input":{"@type":"PropertyValueSpecification","valueRequired":true,"valueName":"search_term_string"}}],"inLanguage":"de-DE"}]}},"jetpack_sharing_enabled":true,"_links":{"self":[{"href":"https:\/\/chateaucamponac.com\/de\/wp-json\/wp\/v2\/pages\/43","targetHints":{"allow":["GET"]}}],"collection":[{"href":"https:\/\/chateaucamponac.com\/de\/wp-json\/wp\/v2\/pages"}],"about":[{"href":"https:\/\/chateaucamponac.com\/de\/wp-json\/wp\/v2\/types\/page"}],"author":[{"embeddable":true,"href":"https:\/\/chateaucamponac.com\/de\/wp-json\/wp\/v2\/users\/1"}],"replies":[{"embeddable":true,"href":"https:\/\/chateaucamponac.com\/de\/wp-json\/wp\/v2\/comments?post=43"}],"version-history":[{"count":31,"href":"https:\/\/chateaucamponac.com\/de\/wp-json\/wp\/v2\/pages\/43\/revisions"}],"predecessor-version":[{"id":1400,"href":"https:\/\/chateaucamponac.com\/de\/wp-json\/wp\/v2\/pages\/43\/revisions\/1400"}],"wp:attachment":[{"href":"https:\/\/chateaucamponac.com\/de\/wp-json\/wp\/v2\/media?parent=43"}],"curies":[{"name":"wp","href":"https:\/\/api.w.org\/{rel}","templated":true}]}}