{"id":5,"date":"2021-09-28T18:34:18","date_gmt":"2021-09-28T17:34:18","guid":{"rendered":"https:\/\/chateaucamponac.fr\/?page_id=5"},"modified":"2024-05-15T13:07:10","modified_gmt":"2024-05-15T12:07:10","slug":"vins-bordelais","status":"publish","type":"page","link":"https:\/\/chateaucamponac.com\/de\/","title":{"rendered":"Ch\u00e2teau Camponac"},"content":{"rendered":"<div class=\"n2-section-smartslider fitvidsignore  n2_clear\" data-ssid=\"1\" tabindex=\"0\" role=\"region\" aria-label=\"Slider\"><div id=\"n2-ss-1-align\" class=\"n2-ss-align\"><div class=\"n2-padding\"><div id=\"n2-ss-1\" data-creator=\"Smart Slider 3\" data-responsive=\"fullwidth\" class=\"n2-ss-slider n2-ow n2-has-hover n2notransition  \">\n        <div class=\"n2-ss-slider-1 n2_ss__touch_element n2-ow\">\n            <div class=\"n2-ss-slider-2 n2-ow\">\n                                                <div class=\"n2-ss-slider-3 n2-ow\">\n\n                    <div class=\"n2-ss-slide-backgrounds n2-ow-all\"><div class=\"n2-ss-slide-background\" data-public-id=\"1\" data-mode=\"fill\"><div class=\"n2-ss-slide-background-image\" data-blur=\"0\" data-opacity=\"100\" data-x=\"36\" data-y=\"43\" data-alt=\"\" data-title=\"\" style=\"--ss-o-pos-x:36%;--ss-o-pos-y:43%\"><picture class=\"skip-lazy jetpack-lazy-image\" data-skip-lazy=\"1\"><img decoding=\"async\" src=\"\/\/chateaucamponac.com\/wp-content\/uploads\/2021\/10\/domaine_couleur.jpg\" alt=\"\" title=\"\" loading=\"lazy\" class=\"skip-lazy jetpack-lazy-image\" data-skip-lazy=\"1\"><\/picture><\/div><div data-color=\"RGBA(255,255,255,0)\" style=\"background-color: RGBA(255,255,255,0);\" class=\"n2-ss-slide-background-color\"><\/div><\/div><\/div>                    <div class=\"n2-ss-slider-4 n2-ow\">\n                        <svg xmlns=\"http:\/\/www.w3.org\/2000\/svg\" viewBox=\"0 0 1200 600\" data-related-device=\"desktopPortrait\" class=\"n2-ow n2-ss-preserve-size n2-ss-preserve-size--slider n2-ss-slide-limiter\"><\/svg><div data-first=\"1\" data-slide-duration=\"0\" data-id=\"14\" data-slide-public-id=\"1\" data-title=\"domaine_couleur\" class=\"n2-ss-slide n2-ow  n2-ss-slide-14\"><div role=\"note\" class=\"n2-ss-slide--focus\" tabindex=\"-1\">domaine_couleur<\/div><div class=\"n2-ss-layers-container n2-ss-slide-limiter n2-ow\"><div class=\"n2-ss-layer n2-ow n-uc-W4UJCzyerMCC\" data-sstype=\"slide\" data-pm=\"default\"><\/div><\/div><\/div>                    <\/div>\n\n                                    <\/div>\n            <\/div>\n        <\/div>\n        <\/div><ss3-loader><\/ss3-loader><\/div><\/div><div class=\"n2_clear\"><\/div><\/div>\n\n\n<div class=\"wp-block-columns is-layout-flex wp-container-core-columns-is-layout-9d6595d7 wp-block-columns-is-layout-flex\">\n<div class=\"wp-block-column colfull has-background is-layout-flow wp-block-column-is-layout-flow\" style=\"background-color:#edebe2\">\n<h2 class=\"wp-block-heading alignwide has-text-align-center has-text-align-wide has-gigantic-font-size\" id=\"la-passion-du-terroir\" style=\"line-height:1.1\">Passion f\u00fcr das Land<\/h2>\n\n\n\n<p>Das Weingut Ch\u00e2teau Camponac ist ein kleines Weingut im Bordelais. Es stammt aus dem 19. Jahrhundert und besitzt 6,5 Hektar Weinberge, die um das Haus herum angepflanzt sind. Die Weinberge, die sich vollst\u00e4ndig in der Umstellung auf biologische Landwirtschaft befinden, werden mit Agroforstwirtschaft bewirtschaftet.<\/p>\n\n\n\n<p>Im Jahr 2020 \u00fcbernahm Claude Rougier die gesamte Bewirtschaftung des Weinbergs, der aus den Rebsorten Merlot, Malbec, Cabernet Sauvignon und Cabernet Franc besteht. Was die Kreation seiner Weine betrifft, so werden sie in franz\u00f6sischen Kettenf\u00e4ssern oder Amphoren ausgebaut, was den vollen Ausdruck jedes Terroirs und des Rohstoffs erm\u00f6glicht.<\/p>\n<\/div>\n<\/div>\n\n\n<div class=\"n2_clear\"><ss3-force-full-width data-overflow-x=\"body\" data-horizontal-selector=\"body\"><div class=\"n2-section-smartslider fitvidsignore  n2_clear\" data-ssid=\"3\"><div id=\"n2-ss-3-align\" class=\"n2-ss-align\"><div class=\"n2-padding\"><div id=\"n2-ss-3\" data-creator=\"Smart Slider 3\" data-responsive=\"fullwidth\" class=\"n2-ss-slider n2-ow n2-has-hover n2notransition  \"><div class=\"n2-ss-slider-wrapper-inside\">\n        <div class=\"n2-ss-slider-1 n2_ss__touch_element n2-ow\">\n            <div class=\"n2-ss-slider-2 n2-ow\">\n                                                <div class=\"n2-ss-slider-3 n2-ow\">\n\n                    <div class=\"n2-ss-slide-backgrounds n2-ow-all\"><div class=\"n2-ss-slide-background\" data-public-id=\"1\" data-mode=\"fill\"><div class=\"n2-ss-slide-background-image\" data-blur=\"0\" data-opacity=\"100\" data-x=\"21\" data-y=\"22\" data-alt=\"\" data-title=\"\" style=\"--ss-o-pos-x:21%;--ss-o-pos-y:22%\"><picture class=\"skip-lazy jetpack-lazy-image\" data-skip-lazy=\"1\"><img decoding=\"async\" src=\"\/\/chateaucamponac.com\/wp-content\/uploads\/2021\/10\/2016-970-max.jpg\" alt=\"\" title=\"\" loading=\"lazy\" class=\"skip-lazy jetpack-lazy-image\" data-skip-lazy=\"1\"><\/picture><\/div><div data-color=\"RGBA(255,255,255,0)\" style=\"background-color: RGBA(255,255,255,0);\" class=\"n2-ss-slide-background-color\"><\/div><\/div><div class=\"n2-ss-slide-background\" data-public-id=\"2\" data-mode=\"fill\"><div class=\"n2-ss-slide-background-image\" data-blur=\"0\" data-opacity=\"100\" data-x=\"50\" data-y=\"50\" data-alt=\"\" data-title=\"\"><picture class=\"skip-lazy jetpack-lazy-image\" data-skip-lazy=\"1\"><img decoding=\"async\" src=\"\/\/chateaucamponac.com\/wp-content\/uploads\/2021\/10\/2020_Merlot-CabernetFranc.jpg\" alt=\"\" title=\"\" loading=\"lazy\" class=\"skip-lazy jetpack-lazy-image\" data-skip-lazy=\"1\"><\/picture><\/div><div data-color=\"RGBA(255,255,255,0)\" style=\"background-color: RGBA(255,255,255,0);\" class=\"n2-ss-slide-background-color\"><\/div><\/div><div class=\"n2-ss-slide-background\" data-public-id=\"3\" data-mode=\"fill\"><div class=\"n2-ss-slide-background-image\" data-blur=\"0\" data-opacity=\"100\" data-x=\"50\" data-y=\"50\" data-alt=\"\" data-title=\"\"><picture class=\"skip-lazy jetpack-lazy-image\" data-skip-lazy=\"1\"><img decoding=\"async\" src=\"\/\/chateaucamponac.com\/wp-content\/uploads\/2022\/02\/Crus_Cave-scaled.jpg\" alt=\"\" title=\"\" loading=\"lazy\" class=\"skip-lazy jetpack-lazy-image\" data-skip-lazy=\"1\"><\/picture><\/div><div data-color=\"RGBA(255,255,255,0)\" style=\"background-color: RGBA(255,255,255,0);\" class=\"n2-ss-slide-background-color\"><\/div><\/div><\/div>                    <div class=\"n2-ss-slider-4 n2-ow\">\n                        <svg xmlns=\"http:\/\/www.w3.org\/2000\/svg\" viewBox=\"0 0 1200 591\" data-related-device=\"desktopPortrait\" class=\"n2-ow n2-ss-preserve-size n2-ss-preserve-size--slider n2-ss-slide-limiter\"><\/svg><div data-first=\"1\" data-slide-duration=\"0\" data-id=\"6\" data-slide-public-id=\"1\" data-title=\"2016-970-max\" class=\"n2-ss-slide n2-ow  n2-ss-slide-6\"><div role=\"note\" class=\"n2-ss-slide--focus\" tabindex=\"-1\">2016-970-max<\/div><div class=\"n2-ss-layers-container n2-ss-slide-limiter n2-ow\"><div class=\"n2-ss-layer n2-ow n-uc-F6PitLlKdm0k\" data-sstype=\"slide\" data-pm=\"default\"><\/div><\/div><\/div><div data-slide-duration=\"0\" data-id=\"20\" data-slide-public-id=\"2\" data-title=\"2020_Merlot-CabernetFranc\" class=\"n2-ss-slide n2-ow  n2-ss-slide-20\"><div role=\"note\" class=\"n2-ss-slide--focus\" tabindex=\"-1\">2020_Merlot-CabernetFranc<\/div><div class=\"n2-ss-layers-container n2-ss-slide-limiter n2-ow\"><div class=\"n2-ss-layer n2-ow n-uc-IpCgipw0sX6Y\" data-sstype=\"slide\" data-pm=\"default\"><\/div><\/div><\/div><div data-slide-duration=\"0\" data-id=\"21\" data-slide-public-id=\"3\" data-title=\"Crus_Cave\" class=\"n2-ss-slide n2-ow  n2-ss-slide-21\"><div role=\"note\" class=\"n2-ss-slide--focus\" tabindex=\"-1\">Crus_Cave<\/div><div class=\"n2-ss-layers-container n2-ss-slide-limiter n2-ow\"><div class=\"n2-ss-layer n2-ow n-uc-WxycQv1o7SHA\" data-sstype=\"slide\" data-pm=\"default\"><\/div><\/div><\/div>                    <\/div>\n\n                                    <\/div>\n            <\/div>\n        <\/div>\n        <div class=\"n2-ss-slider-controls n2-ss-slider-controls-absolute-left-center\"><div style=\"--widget-offset:15px;\" class=\"n2-ss-widget nextend-arrow n2-ow-all nextend-arrow-previous  nextend-arrow-animated-fade\" data-hide-mobileportrait=\"1\" id=\"n2-ss-3-arrow-previous\" role=\"button\" aria-label=\"previous arrow\" tabindex=\"0\"><img loading=\"lazy\" decoding=\"async\" width=\"32\" height=\"32\" class=\"skip-lazy jetpack-lazy-image\" data-skip-lazy=\"1\" src=\"data:image\/svg+xml;base64,PHN2ZyB3aWR0aD0iMzIiIGhlaWdodD0iMzIiIHZpZXdCb3g9IjAgMCAzMiAzMiIgeG1sbnM9Imh0dHA6Ly93d3cudzMub3JnLzIwMDAvc3ZnIj4KICAgIDxwYXRoIGQ9Ik0xMS40MzMgMTUuOTkyTDIyLjY5IDUuNzEyYy4zOTMtLjM5LjM5My0xLjAzIDAtMS40Mi0uMzkzLS4zOS0xLjAzLS4zOS0xLjQyMyAwbC0xMS45OCAxMC45NGMtLjIxLjIxLS4zLjQ5LS4yODUuNzYtLjAxNS4yOC4wNzUuNTYuMjg0Ljc3bDExLjk4IDEwLjk0Yy4zOTMuMzkgMS4wMy4zOSAxLjQyNCAwIC4zOTMtLjQuMzkzLTEuMDMgMC0xLjQybC0xMS4yNTctMTAuMjkiCiAgICAgICAgICBmaWxsPSIjZmZmZmZmIiBvcGFjaXR5PSIwLjgiIGZpbGwtcnVsZT0iZXZlbm9kZCIvPgo8L3N2Zz4=\" alt=\"previous arrow\"><\/div><\/div><div class=\"n2-ss-slider-controls n2-ss-slider-controls-absolute-right-center\"><div style=\"--widget-offset:15px;\" class=\"n2-ss-widget nextend-arrow n2-ow-all nextend-arrow-next  nextend-arrow-animated-fade\" data-hide-mobileportrait=\"1\" id=\"n2-ss-3-arrow-next\" role=\"button\" aria-label=\"next arrow\" tabindex=\"0\"><img loading=\"lazy\" decoding=\"async\" width=\"32\" height=\"32\" class=\"skip-lazy jetpack-lazy-image\" data-skip-lazy=\"1\" src=\"data:image\/svg+xml;base64,PHN2ZyB3aWR0aD0iMzIiIGhlaWdodD0iMzIiIHZpZXdCb3g9IjAgMCAzMiAzMiIgeG1sbnM9Imh0dHA6Ly93d3cudzMub3JnLzIwMDAvc3ZnIj4KICAgIDxwYXRoIGQ9Ik0xMC43MjIgNC4yOTNjLS4zOTQtLjM5LTEuMDMyLS4zOS0xLjQyNyAwLS4zOTMuMzktLjM5MyAxLjAzIDAgMS40MmwxMS4yODMgMTAuMjgtMTEuMjgzIDEwLjI5Yy0uMzkzLjM5LS4zOTMgMS4wMiAwIDEuNDIuMzk1LjM5IDEuMDMzLjM5IDEuNDI3IDBsMTIuMDA3LTEwLjk0Yy4yMS0uMjEuMy0uNDkuMjg0LS43Ny4wMTQtLjI3LS4wNzYtLjU1LS4yODYtLjc2TDEwLjcyIDQuMjkzeiIKICAgICAgICAgIGZpbGw9IiNmZmZmZmYiIG9wYWNpdHk9IjAuOCIgZmlsbC1ydWxlPSJldmVub2RkIi8+Cjwvc3ZnPg==\" alt=\"next arrow\"><\/div><\/div><\/div><\/div><ss3-loader><\/ss3-loader><\/div><\/div><div class=\"n2_clear\"><\/div><\/div><\/ss3-force-full-width><\/div>\n\n\n<div class=\"wp-block-columns is-layout-flex wp-container-core-columns-is-layout-9d6595d7 wp-block-columns-is-layout-flex\">\n<div class=\"wp-block-column is-layout-flow wp-block-column-is-layout-flow\">\n<a href=\"https:\/\/chateaucamponac.com\/Biodynamie\/\"><blockquote class=\"wp-block-quote\"><p>Der Weg zur Biodynamik <\/p><p>Die Erhaltung und F\u00f6rderung eines Weinerbes im Einklang mit der Umwelt und damit die Unterst\u00fctzung einer nachhaltigen Entwicklung f\u00fcr k\u00fcnftige Generationen liegt uns am Herzen. Claude Rougier und sein Team laden Sie ein, ihre ohne Pestizide angebauten Weine und die Rolle der B\u00e4ume in ihrem jahrhundertealten Weinberg zu entdecken.<\/p>\n\n<a href=\"https:\/\/chateaucamponac.com\/Biodynamie\/\" style=\"width:100%;display: flex;justify-content: center;\">\n<img data-recalc-dims=\"1\" decoding=\"async\" heigt=\"41px\" src=\"https:\/\/i0.wp.com\/chateaucamponac.com\/wp-content\/uploads\/2021\/10\/Screenshot-2021-10-18-at-19-18-37-CC_web_Camponac.png?w=980&#038;ssl=1\" alt=\"\" class=\"btnPlus\" >\n<\/a>\n<\/blockquote><\/a>\n<\/div>\n<\/div>\n\n\n<div class=\"n2_clear\"><ss3-force-full-width data-overflow-x=\"body\" data-horizontal-selector=\"body\"><div class=\"n2-section-smartslider fitvidsignore  n2_clear\" data-ssid=\"2\"><div id=\"n2-ss-2-align\" class=\"n2-ss-align\"><div class=\"n2-padding\"><div id=\"n2-ss-2\" data-creator=\"Smart Slider 3\" data-responsive=\"fullwidth\" class=\"n2-ss-slider n2-ow n2-has-hover n2notransition  \">\n        <div class=\"n2-ss-slider-1 n2_ss__touch_element n2-ow\">\n            <div class=\"n2-ss-slider-2 n2-ow\">\n                                                <div class=\"n2-ss-slider-3 n2-ow\">\n\n                    <div class=\"n2-ss-slide-backgrounds n2-ow-all\"><div class=\"n2-ss-slide-background\" data-public-id=\"1\" data-mode=\"fill\"><div class=\"n2-ss-slide-background-image\" data-blur=\"0\" data-opacity=\"100\" data-x=\"44\" data-y=\"60\" data-alt=\"\" data-title=\"\" style=\"--ss-o-pos-x:44%;--ss-o-pos-y:60%\"><picture class=\"skip-lazy jetpack-lazy-image\" data-skip-lazy=\"1\"><img decoding=\"async\" src=\"\/\/chateaucamponac.com\/wp-content\/uploads\/2022\/03\/NosCrus.jpg\" alt=\"\" title=\"\" loading=\"lazy\" class=\"skip-lazy jetpack-lazy-image\" data-skip-lazy=\"1\"><\/picture><\/div><div data-color=\"RGBA(255,255,255,0)\" style=\"background-color: RGBA(255,255,255,0);\" class=\"n2-ss-slide-background-color\"><\/div><\/div><\/div>                    <div class=\"n2-ss-slider-4 n2-ow\">\n                        <svg xmlns=\"http:\/\/www.w3.org\/2000\/svg\" viewBox=\"0 0 1200 591\" data-related-device=\"desktopPortrait\" class=\"n2-ow n2-ss-preserve-size n2-ss-preserve-size--slider n2-ss-slide-limiter\"><\/svg><div data-first=\"1\" data-slide-duration=\"0\" data-id=\"5\" data-slide-public-id=\"1\" data-title=\"975-1263-max\" class=\"n2-ss-slide n2-ow  n2-ss-slide-5\"><div role=\"note\" class=\"n2-ss-slide--focus\" tabindex=\"-1\">975-1263-max<\/div><div class=\"n2-ss-layers-container n2-ss-slide-limiter n2-ow\"><div class=\"n2-ss-layer n2-ow n-uc-IcwSfn405mNx\" data-sstype=\"slide\" data-pm=\"default\"><\/div><\/div><\/div>                    <\/div>\n\n                                    <\/div>\n            <\/div>\n        <\/div>\n        <\/div><ss3-loader><\/ss3-loader><\/div><\/div><div class=\"n2_clear\"><\/div><\/div><\/ss3-force-full-width><\/div>\n\n\n<div class=\"wp-block-columns is-layout-flex wp-container-core-columns-is-layout-9d6595d7 wp-block-columns-is-layout-flex\">\n<div class=\"wp-block-column is-layout-flow wp-block-column-is-layout-flow\">\n<a href=\"https:\/\/chateaucamponac.com\/unsere Krus\/\"><blockquote class=\"wp-block-quote\"><p>unsere Krus<\/p><p> Innovation, Diversifizierung und Authentizit\u00e4t sind die Schl\u00fcsselbegriffe f\u00fcr unsere Weine ohne zugesetzte Sulfite oder SO2. Die vollst\u00e4ndige Weinbereitung in Tonkr\u00fcgen erfolgt mit ganzen Beeren, die 7 bis 8 Monate lang kaum gequetscht werden. Diese Cuv\u00e9e ist die fr\u00fcheste, die wir herstellen. Entdecken Sie unsere ersten 3&#8217;000 Flaschen, die ab sofort erh\u00e4ltlich sind!<\/p>\n\n<a href=\"https:\/\/chateaucamponac.com\/Unsere Krus\/\" style=\"width:100%;display: flex;justify-content: center;\">\n<img data-recalc-dims=\"1\" decoding=\"async\" heigt=\"41px\" src=\"https:\/\/i0.wp.com\/chateaucamponac.com\/wp-content\/uploads\/2021\/10\/Screenshot-2021-10-18-at-19-18-37-CC_web_Camponac.png?w=980&#038;ssl=1\" alt=\"\" class=\"btnPlus\" >\n<\/a>\n<\/blockquote><\/a>\n<\/div>\n<\/div>\n\n\n<div class=\"n2_clear\"><ss3-force-full-width data-overflow-x=\"body\" data-horizontal-selector=\"body\"><div class=\"n2-section-smartslider fitvidsignore  n2_clear\" data-ssid=\"4\" tabindex=\"0\" role=\"region\" aria-label=\"Slider\"><div id=\"n2-ss-4-align\" class=\"n2-ss-align\"><div class=\"n2-padding\"><div id=\"n2-ss-4\" data-creator=\"Smart Slider 3\" data-responsive=\"fullwidth\" class=\"n2-ss-slider n2-ow n2-has-hover n2notransition  \">\n        <div class=\"n2-ss-slider-1 n2_ss__touch_element n2-ow\">\n            <div class=\"n2-ss-slider-2 n2-ow\">\n                                                <div class=\"n2-ss-slider-3 n2-ow\">\n\n                    <div class=\"n2-ss-slide-backgrounds n2-ow-all\"><div class=\"n2-ss-slide-background\" data-public-id=\"1\" data-mode=\"fill\"><div class=\"n2-ss-slide-background-image\" data-blur=\"0\" data-opacity=\"100\" data-x=\"54\" data-y=\"84\" data-alt=\"\" data-title=\"\" style=\"--ss-o-pos-x:54%;--ss-o-pos-y:84%\"><picture class=\"skip-lazy jetpack-lazy-image\" data-skip-lazy=\"1\"><img decoding=\"async\" src=\"\/\/chateaucamponac.com\/wp-content\/uploads\/2021\/10\/2048-1536-max.jpg\" alt=\"\" title=\"\" loading=\"lazy\" class=\"skip-lazy jetpack-lazy-image\" data-skip-lazy=\"1\"><\/picture><\/div><div data-color=\"RGBA(255,255,255,0)\" style=\"background-color: RGBA(255,255,255,0);\" class=\"n2-ss-slide-background-color\"><\/div><\/div><\/div>                    <div class=\"n2-ss-slider-4 n2-ow\">\n                        <svg xmlns=\"http:\/\/www.w3.org\/2000\/svg\" viewBox=\"0 0 1200 591\" data-related-device=\"desktopPortrait\" class=\"n2-ow n2-ss-preserve-size n2-ss-preserve-size--slider n2-ss-slide-limiter\"><\/svg><div data-first=\"1\" data-slide-duration=\"0\" data-id=\"7\" data-slide-public-id=\"1\" data-title=\"2048-1536-max\" class=\"n2-ss-slide n2-ow  n2-ss-slide-7\"><div role=\"note\" class=\"n2-ss-slide--focus\" tabindex=\"-1\">2048-1536-max<\/div><div class=\"n2-ss-layers-container n2-ss-slide-limiter n2-ow\"><div class=\"n2-ss-layer n2-ow n-uc-2iY6fUUpLKDB\" data-sstype=\"slide\" data-pm=\"default\"><\/div><\/div><\/div>                    <\/div>\n\n                                    <\/div>\n            <\/div>\n        <\/div>\n        <\/div><ss3-loader><\/ss3-loader><\/div><\/div><div class=\"n2_clear\"><\/div><\/div><\/ss3-force-full-width><\/div>\n\n\n<div class=\"wp-block-columns is-layout-flex wp-container-core-columns-is-layout-9d6595d7 wp-block-columns-is-layout-flex\">\n<div class=\"wp-block-column is-layout-flow wp-block-column-is-layout-flow\">\n<a href=\"https:\/\/chateaucamponac.com\/Unterkunft\/\"><blockquote class=\"wp-block-quote\"><p>G\u00e4stezimmer <\/p><p>Komfortabel und inmitten der Weinberge gelegen, bietet Ch\u00e2teau Camponac drei Unterk\u00fcnfte in den warmen Farben des Terroirs. Ihr Aufenthalt wird durch eine Weinprobe und einen Besuch des Weinguts abgerundet.<\/p>\n\n<a href=\"https:\/\/chateaucamponac.com\/Unterkunft\/\" style=\"width:100%;display: flex;justify-content: center;\">\n<img data-recalc-dims=\"1\" decoding=\"async\" heigt=\"41px\" src=\"https:\/\/i0.wp.com\/chateaucamponac.com\/wp-content\/uploads\/2021\/10\/Screenshot-2021-10-18-at-19-18-37-CC_web_Camponac.png?w=980&#038;ssl=1\" alt=\"\" class=\"btnPlus\" >\n<\/a>\n<\/blockquote><\/a>\n<\/div>\n<\/div>\n","protected":false},"excerpt":{"rendered":"<p>Passion f\u00fcr das Land Das Weingut Ch\u00e2teau Camponac ist ein kleines Weingut im Bordelais. Es stammt aus dem 19. Jahrhundert und besitzt 6,5 Hektar Weinberge, die um das Haus herum angepflanzt sind. Die Weinberge, die sich vollst\u00e4ndig in der Umstellung auf biologische Landwirtschaft befinden, werden mit Agroforstwirtschaft bewirtschaftet. Im Jahr 2020 \u00fcbernahm Claude Rougier die [&hellip;]<\/p>\n","protected":false},"author":1,"featured_media":374,"parent":0,"menu_order":0,"comment_status":"closed","ping_status":"closed","template":"","meta":{"footnotes":""},"class_list":["post-5","page","type-page","status-publish","has-post-thumbnail","hentry"],"acf":[],"yoast_head":"<!-- This site is optimized with the Yoast SEO plugin v24.8.1 - https:\/\/yoast.com\/wordpress\/plugins\/seo\/ -->\n<title>Ch\u00e2teau Camponac - Ch\u00e2teau Camponac<\/title>\n<meta name=\"description\" content=\"Le Domaine de Ch\u00e2teau Camponac est un petit domaine de 8,5 hectares du Bordelais. Il date du 19e si\u00e8cle et poss\u00e8de 6,5 hectares de vignes.\" \/>\n<meta name=\"robots\" content=\"index, follow, max-snippet:-1, max-image-preview:large, max-video-preview:-1\" \/>\n<link rel=\"canonical\" href=\"https:\/\/chateaucamponac.com\/de\/\" \/>\n<meta property=\"og:locale\" content=\"de_DE\" \/>\n<meta property=\"og:type\" content=\"article\" \/>\n<meta property=\"og:title\" content=\"Ch\u00e2teau Camponac\" \/>\n<meta property=\"og:description\" content=\"Le Domaine de Ch\u00e2teau Camponac est un petit domaine de 8,5 hectares du Bordelais. Il date du 19e si\u00e8cle et poss\u00e8de 6,5 hectares de vignes.\" \/>\n<meta property=\"og:url\" content=\"https:\/\/chateaucamponac.com\/de\/\" \/>\n<meta property=\"og:site_name\" content=\"Ch\u00e2teau Camponac\" \/>\n<meta property=\"article:modified_time\" content=\"2024-05-15T12:07:10+00:00\" \/>\n<meta property=\"og:image\" content=\"https:\/\/chateaucamponac.com\/wp-content\/uploads\/2021\/10\/domaine_couleur.jpg\" \/>\n\t<meta property=\"og:image:width\" content=\"2000\" \/>\n\t<meta property=\"og:image:height\" content=\"1618\" \/>\n\t<meta property=\"og:image:type\" content=\"image\/jpeg\" \/>\n<meta name=\"twitter:card\" content=\"summary_large_image\" \/>\n<meta name=\"twitter:label1\" content=\"Gesch\u00e4tzte Lesezeit\" \/>\n\t<meta name=\"twitter:data1\" content=\"2\u00a0Minuten\" \/>\n<script type=\"application\/ld+json\" class=\"yoast-schema-graph\">{\"@context\":\"https:\/\/schema.org\",\"@graph\":[{\"@type\":\"WebPage\",\"@id\":\"https:\/\/chateaucamponac.com\/de\/\",\"url\":\"https:\/\/chateaucamponac.com\/de\/\",\"name\":\"[:fr]Ch\u00e2teau Camponac[:] - Ch\u00e2teau Camponac\",\"isPartOf\":{\"@id\":\"https:\/\/chateaucamponac.com\/#website\"},\"primaryImageOfPage\":{\"@id\":\"https:\/\/chateaucamponac.com\/de\/#primaryimage\"},\"image\":{\"@id\":\"https:\/\/chateaucamponac.com\/de\/#primaryimage\"},\"thumbnailUrl\":\"https:\/\/i0.wp.com\/chateaucamponac.com\/wp-content\/uploads\/2021\/10\/domaine_couleur.jpg?fit=2000%2C1618&ssl=1\",\"datePublished\":\"2021-09-28T17:34:18+00:00\",\"dateModified\":\"2024-05-15T12:07:10+00:00\",\"description\":\"Le Domaine de Ch\u00e2teau Camponac est un petit domaine de 8,5 hectares du Bordelais. Il date du 19e si\u00e8cle et poss\u00e8de 6,5 hectares de vignes.\",\"breadcrumb\":{\"@id\":\"https:\/\/chateaucamponac.com\/de\/#breadcrumb\"},\"inLanguage\":\"de-DE\",\"potentialAction\":[{\"@type\":\"ReadAction\",\"target\":[\"https:\/\/chateaucamponac.com\/de\/\"]}]},{\"@type\":\"ImageObject\",\"inLanguage\":\"de-DE\",\"@id\":\"https:\/\/chateaucamponac.com\/de\/#primaryimage\",\"url\":\"https:\/\/i0.wp.com\/chateaucamponac.com\/wp-content\/uploads\/2021\/10\/domaine_couleur.jpg?fit=2000%2C1618&ssl=1\",\"contentUrl\":\"https:\/\/i0.wp.com\/chateaucamponac.com\/wp-content\/uploads\/2021\/10\/domaine_couleur.jpg?fit=2000%2C1618&ssl=1\",\"width\":2000,\"height\":1618},{\"@type\":\"BreadcrumbList\",\"@id\":\"https:\/\/chateaucamponac.com\/de\/#breadcrumb\",\"itemListElement\":[{\"@type\":\"ListItem\",\"position\":1,\"name\":\"Accueil\",\"item\":\"https:\/\/chateaucamponac.com\/de\/\"},{\"@type\":\"ListItem\",\"position\":2,\"name\":\"Ch\u00e2teau Camponac\"}]},{\"@type\":\"WebSite\",\"@id\":\"https:\/\/chateaucamponac.com\/#website\",\"url\":\"https:\/\/chateaucamponac.com\/\",\"name\":\"Ch\u00e2teau Camponac\",\"description\":\"Leidenschaft f\u00fcr das Land\",\"potentialAction\":[{\"@type\":\"SearchAction\",\"target\":{\"@type\":\"EntryPoint\",\"urlTemplate\":\"https:\/\/chateaucamponac.com\/?s={search_term_string}\"},\"query-input\":{\"@type\":\"PropertyValueSpecification\",\"valueRequired\":true,\"valueName\":\"search_term_string\"}}],\"inLanguage\":\"de-DE\"}]}<\/script>\n<!-- \/ Yoast SEO plugin. -->","yoast_head_json":{"title":"Ch\u00e2teau Camponac - Ch\u00e2teau Camponac","description":"Le Domaine de Ch\u00e2teau Camponac est un petit domaine de 8,5 hectares du Bordelais. Il date du 19e si\u00e8cle et poss\u00e8de 6,5 hectares de vignes.","robots":{"index":"index","follow":"follow","max-snippet":"max-snippet:-1","max-image-preview":"max-image-preview:large","max-video-preview":"max-video-preview:-1"},"canonical":"https:\/\/chateaucamponac.com\/de\/","og_locale":"de_DE","og_type":"article","og_title":"[:fr]Ch\u00e2teau Camponac[:] - Ch\u00e2teau Camponac","og_description":"Le Domaine de Ch\u00e2teau Camponac est un petit domaine de 8,5 hectares du Bordelais. Il date du 19e si\u00e8cle et poss\u00e8de 6,5 hectares de vignes.","og_url":"https:\/\/chateaucamponac.com\/de\/","og_site_name":"Ch\u00e2teau Camponac","article_modified_time":"2024-05-15T12:07:10+00:00","og_image":[{"width":2000,"height":1618,"url":"https:\/\/chateaucamponac.com\/wp-content\/uploads\/2021\/10\/domaine_couleur.jpg","type":"image\/jpeg"}],"twitter_card":"summary_large_image","twitter_misc":{"Gesch\u00e4tzte Lesezeit":"2\u00a0Minuten"},"schema":{"@context":"https:\/\/schema.org","@graph":[{"@type":"WebPage","@id":"https:\/\/chateaucamponac.com\/de\/","url":"https:\/\/chateaucamponac.com\/de\/","name":"[:fr]Ch\u00e2teau Camponac[:] - Ch\u00e2teau Camponac","isPartOf":{"@id":"https:\/\/chateaucamponac.com\/#website"},"primaryImageOfPage":{"@id":"https:\/\/chateaucamponac.com\/de\/#primaryimage"},"image":{"@id":"https:\/\/chateaucamponac.com\/de\/#primaryimage"},"thumbnailUrl":"https:\/\/i0.wp.com\/chateaucamponac.com\/wp-content\/uploads\/2021\/10\/domaine_couleur.jpg?fit=2000%2C1618&ssl=1","datePublished":"2021-09-28T17:34:18+00:00","dateModified":"2024-05-15T12:07:10+00:00","description":"Le Domaine de Ch\u00e2teau Camponac est un petit domaine de 8,5 hectares du Bordelais. Il date du 19e si\u00e8cle et poss\u00e8de 6,5 hectares de vignes.","breadcrumb":{"@id":"https:\/\/chateaucamponac.com\/de\/#breadcrumb"},"inLanguage":"de-DE","potentialAction":[{"@type":"ReadAction","target":["https:\/\/chateaucamponac.com\/de\/"]}]},{"@type":"ImageObject","inLanguage":"de-DE","@id":"https:\/\/chateaucamponac.com\/de\/#primaryimage","url":"https:\/\/i0.wp.com\/chateaucamponac.com\/wp-content\/uploads\/2021\/10\/domaine_couleur.jpg?fit=2000%2C1618&ssl=1","contentUrl":"https:\/\/i0.wp.com\/chateaucamponac.com\/wp-content\/uploads\/2021\/10\/domaine_couleur.jpg?fit=2000%2C1618&ssl=1","width":2000,"height":1618},{"@type":"BreadcrumbList","@id":"https:\/\/chateaucamponac.com\/de\/#breadcrumb","itemListElement":[{"@type":"ListItem","position":1,"name":"Accueil","item":"https:\/\/chateaucamponac.com\/de\/"},{"@type":"ListItem","position":2,"name":"Ch\u00e2teau Camponac"}]},{"@type":"WebSite","@id":"https:\/\/chateaucamponac.com\/#website","url":"https:\/\/chateaucamponac.com\/","name":"Ch\u00e2teau Camponac","description":"Leidenschaft f\u00fcr das Land","potentialAction":[{"@type":"SearchAction","target":{"@type":"EntryPoint","urlTemplate":"https:\/\/chateaucamponac.com\/?s={search_term_string}"},"query-input":{"@type":"PropertyValueSpecification","valueRequired":true,"valueName":"search_term_string"}}],"inLanguage":"de-DE"}]}},"jetpack_sharing_enabled":true,"_links":{"self":[{"href":"https:\/\/chateaucamponac.com\/de\/wp-json\/wp\/v2\/pages\/5","targetHints":{"allow":["GET"]}}],"collection":[{"href":"https:\/\/chateaucamponac.com\/de\/wp-json\/wp\/v2\/pages"}],"about":[{"href":"https:\/\/chateaucamponac.com\/de\/wp-json\/wp\/v2\/types\/page"}],"author":[{"embeddable":true,"href":"https:\/\/chateaucamponac.com\/de\/wp-json\/wp\/v2\/users\/1"}],"replies":[{"embeddable":true,"href":"https:\/\/chateaucamponac.com\/de\/wp-json\/wp\/v2\/comments?post=5"}],"version-history":[{"count":62,"href":"https:\/\/chateaucamponac.com\/de\/wp-json\/wp\/v2\/pages\/5\/revisions"}],"predecessor-version":[{"id":1394,"href":"https:\/\/chateaucamponac.com\/de\/wp-json\/wp\/v2\/pages\/5\/revisions\/1394"}],"wp:featuredmedia":[{"embeddable":true,"href":"https:\/\/chateaucamponac.com\/de\/wp-json\/wp\/v2\/media\/374"}],"wp:attachment":[{"href":"https:\/\/chateaucamponac.com\/de\/wp-json\/wp\/v2\/media?parent=5"}],"curies":[{"name":"wp","href":"https:\/\/api.w.org\/{rel}","templated":true}]}}