{"id":245,"date":"2023-05-27T11:18:45","date_gmt":"2023-05-27T10:18:45","guid":{"rendered":"https:\/\/chateaucamponac.fr\/en\/?post_type=product&#038;p=245"},"modified":"2024-05-15T16:48:09","modified_gmt":"2024-05-15T15:48:09","slug":"malbec-merlot","status":"publish","type":"product","link":"https:\/\/chateaucamponac.com\/de\/produit\/malbec-merlot\/","title":{"rendered":"Ch\u00e2teau Camponac 2019"},"content":{"rendered":"","protected":false},"excerpt":{"rendered":"<p>LIMITIERTE CUV\u00c9E &#8211; VON HAND HERGESTELLT &#8211; IM FASS GEREIFT<br \/>\nDiese Assemblage, ohne Zusatz von Sulfiten, wurde in Barriques aus franz\u00f6sischer Eiche vinifiziert und ausgebaut (vollst\u00e4ndige Vinifizierung). Hergestellt aus handgepfl\u00fcckten und handverlesenen Beeren, um nur das Beste der Frucht zu erhalten, zeichnet sich dieser Lagerwein mit tiefen Farben durch ein Bukett von kompottartigen und ger\u00f6steten Fr\u00fcchten aus.<br \/>\nSamtig und warm im Mund, passt er hervorragend zu Fleischgerichten mit Sauce oder zu kr\u00e4ftigen K\u00e4sesorten.<\/p>\n","protected":false},"featured_media":1226,"comment_status":"closed","ping_status":"closed","template":"","meta":[],"product_cat":[66,78,79,33,28],"product_tag":[],"class_list":["post-245","product","type-product","status-publish","has-post-thumbnail","hentry","product_cat-66","product_cat-malbec","product_cat-merlot","product_cat-red","product_cat-wein","pa_frmillesime-47"],"acf":[],"yoast_head":"<!-- This site is optimized with the Yoast SEO plugin v24.8.1 - https:\/\/yoast.com\/wordpress\/plugins\/seo\/ -->\n<title>false<\/title>\n<meta name=\"robots\" content=\"index, follow, max-snippet:-1, max-image-preview:large, max-video-preview:-1\" \/>\n<link rel=\"canonical\" href=\"https:\/\/chateaucamponac.com\/de\/produit\/malbec-merlot\/\" \/>\n<meta property=\"og:locale\" content=\"de_DE\" \/>\n<meta property=\"og:type\" content=\"article\" \/>\n<meta property=\"og:title\" content=\"false\" \/>\n<meta property=\"og:description\" content=\"LIMITIERTE CUV\u00c9E - VON HAND HERGESTELLT - IM FASS GEREIFT Diese Assemblage, ohne Zusatz von Sulfiten, wurde in Barriques aus franz\u00f6sischer Eiche vinifiziert und ausgebaut (vollst\u00e4ndige Vinifizierung). Hergestellt aus handgepfl\u00fcckten und handverlesenen Beeren, um nur das Beste der Frucht zu erhalten, zeichnet sich dieser Lagerwein mit tiefen Farben durch ein Bukett von kompottartigen und ger\u00f6steten Fr\u00fcchten aus. Samtig und warm im Mund, passt er hervorragend zu Fleischgerichten mit Sauce oder zu kr\u00e4ftigen K\u00e4sesorten.\" \/>\n<meta property=\"og:url\" content=\"https:\/\/chateaucamponac.com\/de\/produit\/malbec-merlot\/\" \/>\n<meta property=\"og:site_name\" content=\"Ch\u00e2teau Camponac\" \/>\n<meta property=\"article:modified_time\" content=\"2024-05-15T15:48:09+00:00\" \/>\n<meta property=\"og:image\" content=\"https:\/\/chateaucamponac.com\/wp-content\/uploads\/2021\/10\/MalbecMerlot.png\" \/>\n\t<meta property=\"og:image:width\" content=\"1200\" \/>\n\t<meta property=\"og:image:height\" content=\"1344\" \/>\n\t<meta property=\"og:image:type\" content=\"image\/png\" \/>\n<meta name=\"twitter:card\" content=\"summary_large_image\" \/>\n<script type=\"application\/ld+json\" class=\"yoast-schema-graph\">{\"@context\":\"https:\/\/schema.org\",\"@graph\":[{\"@type\":\"WebPage\",\"@id\":\"https:\/\/chateaucamponac.com\/de\/produit\/malbec-merlot\/\",\"url\":\"https:\/\/chateaucamponac.com\/de\/produit\/malbec-merlot\/\",\"name\":\"false\",\"isPartOf\":{\"@id\":\"https:\/\/chateaucamponac.com\/#website\"},\"primaryImageOfPage\":{\"@id\":\"https:\/\/chateaucamponac.com\/de\/produit\/malbec-merlot\/#primaryimage\"},\"image\":{\"@id\":\"https:\/\/chateaucamponac.com\/de\/produit\/malbec-merlot\/#primaryimage\"},\"thumbnailUrl\":\"https:\/\/i0.wp.com\/chateaucamponac.com\/wp-content\/uploads\/2021\/10\/MalbecMerlot.png?fit=1200%2C1344&ssl=1\",\"datePublished\":\"2023-05-27T10:18:45+00:00\",\"dateModified\":\"2024-05-15T15:48:09+00:00\",\"breadcrumb\":{\"@id\":\"https:\/\/chateaucamponac.com\/de\/produit\/malbec-merlot\/#breadcrumb\"},\"inLanguage\":\"de-DE\",\"potentialAction\":[{\"@type\":\"ReadAction\",\"target\":[\"https:\/\/chateaucamponac.com\/de\/produit\/malbec-merlot\/\"]}]},{\"@type\":\"ImageObject\",\"inLanguage\":\"de-DE\",\"@id\":\"https:\/\/chateaucamponac.com\/de\/produit\/malbec-merlot\/#primaryimage\",\"url\":\"https:\/\/i0.wp.com\/chateaucamponac.com\/wp-content\/uploads\/2021\/10\/MalbecMerlot.png?fit=1200%2C1344&ssl=1\",\"contentUrl\":\"https:\/\/i0.wp.com\/chateaucamponac.com\/wp-content\/uploads\/2021\/10\/MalbecMerlot.png?fit=1200%2C1344&ssl=1\",\"width\":1200,\"height\":1344},{\"@type\":\"BreadcrumbList\",\"@id\":\"https:\/\/chateaucamponac.com\/de\/produit\/malbec-merlot\/#breadcrumb\",\"itemListElement\":[{\"@type\":\"ListItem\",\"position\":1,\"name\":\"Accueil\",\"item\":\"https:\/\/chateaucamponac.com\/de\/\"},{\"@type\":\"ListItem\",\"position\":2,\"name\":\"Online-Shop\",\"item\":\"https:\/\/chateaucamponac.com\/de\/boutique\/\"},{\"@type\":\"ListItem\",\"position\":3,\"name\":\"Ch\u00e2teau Camponac 2019\"}]},{\"@type\":\"WebSite\",\"@id\":\"https:\/\/chateaucamponac.com\/#website\",\"url\":\"https:\/\/chateaucamponac.com\/\",\"name\":\"Ch\u00e2teau Camponac\",\"description\":\"Leidenschaft f\u00fcr das Land\",\"potentialAction\":[{\"@type\":\"SearchAction\",\"target\":{\"@type\":\"EntryPoint\",\"urlTemplate\":\"https:\/\/chateaucamponac.com\/?s={search_term_string}\"},\"query-input\":{\"@type\":\"PropertyValueSpecification\",\"valueRequired\":true,\"valueName\":\"search_term_string\"}}],\"inLanguage\":\"de-DE\"}]}<\/script>\n<!-- \/ Yoast SEO plugin. -->","yoast_head_json":{"title":"false","robots":{"index":"index","follow":"follow","max-snippet":"max-snippet:-1","max-image-preview":"max-image-preview:large","max-video-preview":"max-video-preview:-1"},"canonical":"https:\/\/chateaucamponac.com\/de\/produit\/malbec-merlot\/","og_locale":"de_DE","og_type":"article","og_title":"false","og_description":"[:fr]CUV\u00c9E LIMIT\u00c9E - \u00c9LABOR\u00c9E \u00c0 LA MAIN - \u00c9LEV\u00c9E EN BARRIQUE Cet assemblage, sans sulfites ajout\u00e9s, a \u00e9t\u00e9 vinifi\u00e9e et \u00e9lev\u00e9e en barrique de ch\u00eane fran\u00e7ais (vinification int\u00e9grale). \u00c9labor\u00e9 \u00e0 partir de baies ramass\u00e9es et tri\u00e9es \u00e0 la main pour ne garder que le meilleur du fruit, ce vin de garde aux couleurs profondes se caract\u00e9rise par un nez de fruits compot\u00e9s et grill\u00e9s. Velout\u00e9 et chaud en bouche, il accompagnera \u00e0 merveille vos viandes en sauce ou vos fromages cors\u00e9s.[:en]LIMITED CUV\u00c9E - HANDCRAFTED - BARREL-AGED This blend, with no added sulfites, is vinified and aged in French oak barrels (full vinification). Made from hand-picked and hand-sorted grapes to retain only the best of the fruit, this deep-colored vin de garde is characterized by a nose of stewed and roasted fruit. Velvety and warm on the palate, it&#039;s the perfect accompaniment to meats in sauce or full-bodied cheeses.[:de]LIMITIERTE CUV\u00c9E - VON HAND HERGESTELLT - IM FASS GEREIFT Diese Assemblage, ohne Zusatz von Sulfiten, wurde in Barriques aus franz\u00f6sischer Eiche vinifiziert und ausgebaut (vollst\u00e4ndige Vinifizierung). Hergestellt aus handgepfl\u00fcckten und handverlesenen Beeren, um nur das Beste der Frucht zu erhalten, zeichnet sich dieser Lagerwein mit tiefen Farben durch ein Bukett von kompottartigen und ger\u00f6steten Fr\u00fcchten aus. Samtig und warm im Mund, passt er hervorragend zu Fleischgerichten mit Sauce oder zu kr\u00e4ftigen K\u00e4sesorten.[:]","og_url":"https:\/\/chateaucamponac.com\/de\/produit\/malbec-merlot\/","og_site_name":"Ch\u00e2teau Camponac","article_modified_time":"2024-05-15T15:48:09+00:00","og_image":[{"width":1200,"height":1344,"url":"https:\/\/chateaucamponac.com\/wp-content\/uploads\/2021\/10\/MalbecMerlot.png","type":"image\/png"}],"twitter_card":"summary_large_image","schema":{"@context":"https:\/\/schema.org","@graph":[{"@type":"WebPage","@id":"https:\/\/chateaucamponac.com\/de\/produit\/malbec-merlot\/","url":"https:\/\/chateaucamponac.com\/de\/produit\/malbec-merlot\/","name":"false","isPartOf":{"@id":"https:\/\/chateaucamponac.com\/#website"},"primaryImageOfPage":{"@id":"https:\/\/chateaucamponac.com\/de\/produit\/malbec-merlot\/#primaryimage"},"image":{"@id":"https:\/\/chateaucamponac.com\/de\/produit\/malbec-merlot\/#primaryimage"},"thumbnailUrl":"https:\/\/i0.wp.com\/chateaucamponac.com\/wp-content\/uploads\/2021\/10\/MalbecMerlot.png?fit=1200%2C1344&ssl=1","datePublished":"2023-05-27T10:18:45+00:00","dateModified":"2024-05-15T15:48:09+00:00","breadcrumb":{"@id":"https:\/\/chateaucamponac.com\/de\/produit\/malbec-merlot\/#breadcrumb"},"inLanguage":"de-DE","potentialAction":[{"@type":"ReadAction","target":["https:\/\/chateaucamponac.com\/de\/produit\/malbec-merlot\/"]}]},{"@type":"ImageObject","inLanguage":"de-DE","@id":"https:\/\/chateaucamponac.com\/de\/produit\/malbec-merlot\/#primaryimage","url":"https:\/\/i0.wp.com\/chateaucamponac.com\/wp-content\/uploads\/2021\/10\/MalbecMerlot.png?fit=1200%2C1344&ssl=1","contentUrl":"https:\/\/i0.wp.com\/chateaucamponac.com\/wp-content\/uploads\/2021\/10\/MalbecMerlot.png?fit=1200%2C1344&ssl=1","width":1200,"height":1344},{"@type":"BreadcrumbList","@id":"https:\/\/chateaucamponac.com\/de\/produit\/malbec-merlot\/#breadcrumb","itemListElement":[{"@type":"ListItem","position":1,"name":"Accueil","item":"https:\/\/chateaucamponac.com\/de\/"},{"@type":"ListItem","position":2,"name":"Online-Shop","item":"https:\/\/chateaucamponac.com\/de\/boutique\/"},{"@type":"ListItem","position":3,"name":"Ch\u00e2teau Camponac 2019"}]},{"@type":"WebSite","@id":"https:\/\/chateaucamponac.com\/#website","url":"https:\/\/chateaucamponac.com\/","name":"Ch\u00e2teau Camponac","description":"Leidenschaft f\u00fcr das Land","potentialAction":[{"@type":"SearchAction","target":{"@type":"EntryPoint","urlTemplate":"https:\/\/chateaucamponac.com\/?s={search_term_string}"},"query-input":{"@type":"PropertyValueSpecification","valueRequired":true,"valueName":"search_term_string"}}],"inLanguage":"de-DE"}]}},"jetpack_sharing_enabled":true,"_links":{"self":[{"href":"https:\/\/chateaucamponac.com\/de\/wp-json\/wp\/v2\/product\/245","targetHints":{"allow":["GET"]}}],"collection":[{"href":"https:\/\/chateaucamponac.com\/de\/wp-json\/wp\/v2\/product"}],"about":[{"href":"https:\/\/chateaucamponac.com\/de\/wp-json\/wp\/v2\/types\/product"}],"replies":[{"embeddable":true,"href":"https:\/\/chateaucamponac.com\/de\/wp-json\/wp\/v2\/comments?post=245"}],"wp:featuredmedia":[{"embeddable":true,"href":"https:\/\/chateaucamponac.com\/de\/wp-json\/wp\/v2\/media\/1226"}],"wp:attachment":[{"href":"https:\/\/chateaucamponac.com\/de\/wp-json\/wp\/v2\/media?parent=245"}],"wp:term":[{"taxonomy":"product_cat","embeddable":true,"href":"https:\/\/chateaucamponac.com\/de\/wp-json\/wp\/v2\/product_cat?post=245"},{"taxonomy":"product_tag","embeddable":true,"href":"https:\/\/chateaucamponac.com\/de\/wp-json\/wp\/v2\/product_tag?post=245"}],"curies":[{"name":"wp","href":"https:\/\/api.w.org\/{rel}","templated":true}]}}