{"id":963,"date":"2023-05-28T17:32:26","date_gmt":"2023-05-28T16:32:26","guid":{"rendered":"https:\/\/chateaucamponac.com\/?post_type=product&#038;p=963"},"modified":"2024-05-15T16:47:37","modified_gmt":"2024-05-15T15:47:37","slug":"cabernet-franc-merlot","status":"publish","type":"product","link":"https:\/\/chateaucamponac.com\/de\/produit\/cabernet-franc-merlot\/","title":{"rendered":"Merlot &#8211; Cabernet Franc 2020"},"content":{"rendered":"<p>Ch\u00e2teau Camponac &#8211; Merlot Cabernet Franc ROUGE 2020-91\/100<\/p>\n<p>Tiefdunkles Purpurrot in Kern und Farbton. Reine und blumige Nase mit Veilchen, zerdr\u00fcckten Pflaumen und Cassis mit rohem Fleisch (ja, das ist f\u00fcr mich positiv) und Bouquet garni. Gute Dichte und Frische kombiniert, Schichten von duftenden dunklen Fr\u00fcchten, Salbei und Anis mit milder Eiche, strukturiert und lang mit feinem Charakter.<\/p>\n<figure id=\"attachment_1205\" style=\"width: 300px\"  class=\"wp-caption alignnone\"><img data-recalc-dims=\"1\" loading=\"lazy\" decoding=\"async\" class=\"size-medium wp-image-1205\" src=\"https:\/\/i0.wp.com\/chateaucamponac.com\/wp-content\/uploads\/2022\/03\/larsson.jpg?resize=300%2C300&#038;ssl=1\" alt=\"\" width=\"300\" height=\"300\" srcset=\"https:\/\/i0.wp.com\/chateaucamponac.com\/wp-content\/uploads\/2022\/03\/larsson.jpg?resize=300%2C300&amp;ssl=1 300w, https:\/\/i0.wp.com\/chateaucamponac.com\/wp-content\/uploads\/2022\/03\/larsson.jpg?resize=1024%2C1024&amp;ssl=1 1024w, https:\/\/i0.wp.com\/chateaucamponac.com\/wp-content\/uploads\/2022\/03\/larsson.jpg?resize=150%2C150&amp;ssl=1 150w, https:\/\/i0.wp.com\/chateaucamponac.com\/wp-content\/uploads\/2022\/03\/larsson.jpg?resize=768%2C768&amp;ssl=1 768w, https:\/\/i0.wp.com\/chateaucamponac.com\/wp-content\/uploads\/2022\/03\/larsson.jpg?resize=600%2C600&amp;ssl=1 600w, https:\/\/i0.wp.com\/chateaucamponac.com\/wp-content\/uploads\/2022\/03\/larsson.jpg?resize=324%2C324&amp;ssl=1 324w, https:\/\/i0.wp.com\/chateaucamponac.com\/wp-content\/uploads\/2022\/03\/larsson.jpg?resize=816%2C816&amp;ssl=1 816w, https:\/\/i0.wp.com\/chateaucamponac.com\/wp-content\/uploads\/2022\/03\/larsson.jpg?resize=100%2C100&amp;ssl=1 100w, https:\/\/i0.wp.com\/chateaucamponac.com\/wp-content\/uploads\/2022\/03\/larsson.jpg?w=1181&amp;ssl=1 1181w\" sizes=\"auto, (max-width: 300px) 100vw, 300px\" \/><figcaption class=\"wp-caption-text\">Cuv\u00e9e Merlot\/cabernet franc sans sulfite ajoute not\u00e9 91 par Andreas Larsson<\/figcaption><\/figure>\n","protected":false},"excerpt":{"rendered":"<p>Wein aus 80% Merlot und 20% alten Cabernet-Franc-Rebst\u00f6cken (80 Jahre), Aromen von eingelegten Pflaumen, ein Wein, der Spa\u00df macht, als Aperitif oder zu wei\u00dfem Fleisch, wenig Tannin, ohne Sulfitzusatz.<\/p>\n","protected":false},"featured_media":948,"comment_status":"closed","ping_status":"closed","template":"","meta":[],"product_cat":[66,62,80,79,33,67,28],"product_tag":[],"class_list":["post-963","product","type-product","status-publish","has-post-thumbnail","hentry","product_cat-66","product_cat-berliner-wein-trophy","product_cat-cabernet-franc","product_cat-merlot","product_cat-red","product_cat-tasted","product_cat-wein","pa_frmillesime-47"],"acf":[],"yoast_head":"<!-- This site is optimized with the Yoast SEO plugin v24.8.1 - https:\/\/yoast.com\/wordpress\/plugins\/seo\/ -->\n<title>Merlot -  - Merlot - Cabernet Franc 2020[:] - Ch\u00e2teau Camponac<\/title>\n<meta name=\"description\" content=\"-1214\" \/>\n<meta name=\"robots\" content=\"index, follow, max-snippet:-1, max-image-preview:large, max-video-preview:-1\" \/>\n<link rel=\"canonical\" href=\"https:\/\/chateaucamponac.com\/de\/produit\/cabernet-franc-merlot\/\" \/>\n<meta property=\"og:locale\" content=\"de_DE\" \/>\n<meta property=\"og:type\" content=\"article\" \/>\n<meta property=\"og:title\" content=\"Merlot - Cabernet Franc 2020\" \/>\n<meta property=\"og:description\" content=\"-1214\" \/>\n<meta property=\"og:url\" content=\"https:\/\/chateaucamponac.com\/de\/produit\/cabernet-franc-merlot\/\" \/>\n<meta property=\"og:site_name\" content=\"Ch\u00e2teau Camponac\" \/>\n<meta property=\"article:modified_time\" content=\"2024-05-15T15:47:37+00:00\" \/>\n<meta property=\"og:image\" content=\"https:\/\/chateaucamponac.com\/wp-content\/uploads\/2022\/03\/CC_2020_CabernetFranc_2-scaled.jpg\" \/>\n\t<meta property=\"og:image:width\" content=\"2286\" \/>\n\t<meta property=\"og:image:height\" content=\"2560\" \/>\n\t<meta property=\"og:image:type\" content=\"image\/jpeg\" \/>\n<meta name=\"twitter:card\" content=\"summary_large_image\" \/>\n<meta name=\"twitter:label1\" content=\"Gesch\u00e4tzte Lesezeit\" \/>\n\t<meta name=\"twitter:data1\" content=\"1\u00a0Minute\" \/>\n<script type=\"application\/ld+json\" class=\"yoast-schema-graph\">{\"@context\":\"https:\/\/schema.org\",\"@graph\":[{\"@type\":\"WebPage\",\"@id\":\"https:\/\/chateaucamponac.com\/de\/produit\/cabernet-franc-merlot\/\",\"url\":\"https:\/\/chateaucamponac.com\/de\/produit\/cabernet-franc-merlot\/\",\"name\":\"[:fr]Merlot - Cabernet Franc 2020[:en]Merlot - Cabernet Franc 2020[:de]Merlot - Cabernet Franc 2020[:] - Ch\u00e2teau Camponac\",\"isPartOf\":{\"@id\":\"https:\/\/chateaucamponac.com\/#website\"},\"primaryImageOfPage\":{\"@id\":\"https:\/\/chateaucamponac.com\/de\/produit\/cabernet-franc-merlot\/#primaryimage\"},\"image\":{\"@id\":\"https:\/\/chateaucamponac.com\/de\/produit\/cabernet-franc-merlot\/#primaryimage\"},\"thumbnailUrl\":\"https:\/\/i0.wp.com\/chateaucamponac.com\/wp-content\/uploads\/2022\/03\/CC_2020_CabernetFranc_2-scaled.jpg?fit=2286%2C2560&ssl=1\",\"datePublished\":\"2023-05-28T16:32:26+00:00\",\"dateModified\":\"2024-05-15T15:47:37+00:00\",\"description\":\"-1214\",\"breadcrumb\":{\"@id\":\"https:\/\/chateaucamponac.com\/de\/produit\/cabernet-franc-merlot\/#breadcrumb\"},\"inLanguage\":\"de-DE\",\"potentialAction\":[{\"@type\":\"ReadAction\",\"target\":[\"https:\/\/chateaucamponac.com\/de\/produit\/cabernet-franc-merlot\/\"]}]},{\"@type\":\"ImageObject\",\"inLanguage\":\"de-DE\",\"@id\":\"https:\/\/chateaucamponac.com\/de\/produit\/cabernet-franc-merlot\/#primaryimage\",\"url\":\"https:\/\/i0.wp.com\/chateaucamponac.com\/wp-content\/uploads\/2022\/03\/CC_2020_CabernetFranc_2-scaled.jpg?fit=2286%2C2560&ssl=1\",\"contentUrl\":\"https:\/\/i0.wp.com\/chateaucamponac.com\/wp-content\/uploads\/2022\/03\/CC_2020_CabernetFranc_2-scaled.jpg?fit=2286%2C2560&ssl=1\",\"width\":2286,\"height\":2560},{\"@type\":\"BreadcrumbList\",\"@id\":\"https:\/\/chateaucamponac.com\/de\/produit\/cabernet-franc-merlot\/#breadcrumb\",\"itemListElement\":[{\"@type\":\"ListItem\",\"position\":1,\"name\":\"Accueil\",\"item\":\"https:\/\/chateaucamponac.com\/de\/\"},{\"@type\":\"ListItem\",\"position\":2,\"name\":\"Online-Shop\",\"item\":\"https:\/\/chateaucamponac.com\/de\/boutique\/\"},{\"@type\":\"ListItem\",\"position\":3,\"name\":\"Merlot &#8211; Cabernet Franc 2020\"}]},{\"@type\":\"WebSite\",\"@id\":\"https:\/\/chateaucamponac.com\/#website\",\"url\":\"https:\/\/chateaucamponac.com\/\",\"name\":\"Ch\u00e2teau Camponac\",\"description\":\"Leidenschaft f\u00fcr das Land\",\"potentialAction\":[{\"@type\":\"SearchAction\",\"target\":{\"@type\":\"EntryPoint\",\"urlTemplate\":\"https:\/\/chateaucamponac.com\/?s={search_term_string}\"},\"query-input\":{\"@type\":\"PropertyValueSpecification\",\"valueRequired\":true,\"valueName\":\"search_term_string\"}}],\"inLanguage\":\"de-DE\"}]}<\/script>\n<!-- \/ Yoast SEO plugin. -->","yoast_head_json":{"title":"Merlot -  - Merlot - Cabernet Franc 2020[:] - Ch\u00e2teau Camponac","description":"-1214","robots":{"index":"index","follow":"follow","max-snippet":"max-snippet:-1","max-image-preview":"max-image-preview:large","max-video-preview":"max-video-preview:-1"},"canonical":"https:\/\/chateaucamponac.com\/de\/produit\/cabernet-franc-merlot\/","og_locale":"de_DE","og_type":"article","og_title":"[:fr]Merlot - Cabernet Franc 2020[:en]Merlot - Cabernet Franc 2020[:de]Merlot - Cabernet Franc 2020[:] - Ch\u00e2teau Camponac","og_description":"-1214","og_url":"https:\/\/chateaucamponac.com\/de\/produit\/cabernet-franc-merlot\/","og_site_name":"Ch\u00e2teau Camponac","article_modified_time":"2024-05-15T15:47:37+00:00","og_image":[{"width":2286,"height":2560,"url":"https:\/\/chateaucamponac.com\/wp-content\/uploads\/2022\/03\/CC_2020_CabernetFranc_2-scaled.jpg","type":"image\/jpeg"}],"twitter_card":"summary_large_image","twitter_misc":{"Gesch\u00e4tzte Lesezeit":"1\u00a0Minute"},"schema":{"@context":"https:\/\/schema.org","@graph":[{"@type":"WebPage","@id":"https:\/\/chateaucamponac.com\/de\/produit\/cabernet-franc-merlot\/","url":"https:\/\/chateaucamponac.com\/de\/produit\/cabernet-franc-merlot\/","name":"[:fr]Merlot - Cabernet Franc 2020[:en]Merlot - Cabernet Franc 2020[:de]Merlot - Cabernet Franc 2020[:] - Ch\u00e2teau Camponac","isPartOf":{"@id":"https:\/\/chateaucamponac.com\/#website"},"primaryImageOfPage":{"@id":"https:\/\/chateaucamponac.com\/de\/produit\/cabernet-franc-merlot\/#primaryimage"},"image":{"@id":"https:\/\/chateaucamponac.com\/de\/produit\/cabernet-franc-merlot\/#primaryimage"},"thumbnailUrl":"https:\/\/i0.wp.com\/chateaucamponac.com\/wp-content\/uploads\/2022\/03\/CC_2020_CabernetFranc_2-scaled.jpg?fit=2286%2C2560&ssl=1","datePublished":"2023-05-28T16:32:26+00:00","dateModified":"2024-05-15T15:47:37+00:00","description":"-1214","breadcrumb":{"@id":"https:\/\/chateaucamponac.com\/de\/produit\/cabernet-franc-merlot\/#breadcrumb"},"inLanguage":"de-DE","potentialAction":[{"@type":"ReadAction","target":["https:\/\/chateaucamponac.com\/de\/produit\/cabernet-franc-merlot\/"]}]},{"@type":"ImageObject","inLanguage":"de-DE","@id":"https:\/\/chateaucamponac.com\/de\/produit\/cabernet-franc-merlot\/#primaryimage","url":"https:\/\/i0.wp.com\/chateaucamponac.com\/wp-content\/uploads\/2022\/03\/CC_2020_CabernetFranc_2-scaled.jpg?fit=2286%2C2560&ssl=1","contentUrl":"https:\/\/i0.wp.com\/chateaucamponac.com\/wp-content\/uploads\/2022\/03\/CC_2020_CabernetFranc_2-scaled.jpg?fit=2286%2C2560&ssl=1","width":2286,"height":2560},{"@type":"BreadcrumbList","@id":"https:\/\/chateaucamponac.com\/de\/produit\/cabernet-franc-merlot\/#breadcrumb","itemListElement":[{"@type":"ListItem","position":1,"name":"Accueil","item":"https:\/\/chateaucamponac.com\/de\/"},{"@type":"ListItem","position":2,"name":"Online-Shop","item":"https:\/\/chateaucamponac.com\/de\/boutique\/"},{"@type":"ListItem","position":3,"name":"Merlot &#8211; Cabernet Franc 2020"}]},{"@type":"WebSite","@id":"https:\/\/chateaucamponac.com\/#website","url":"https:\/\/chateaucamponac.com\/","name":"Ch\u00e2teau Camponac","description":"Leidenschaft f\u00fcr das Land","potentialAction":[{"@type":"SearchAction","target":{"@type":"EntryPoint","urlTemplate":"https:\/\/chateaucamponac.com\/?s={search_term_string}"},"query-input":{"@type":"PropertyValueSpecification","valueRequired":true,"valueName":"search_term_string"}}],"inLanguage":"de-DE"}]}},"jetpack_sharing_enabled":true,"_links":{"self":[{"href":"https:\/\/chateaucamponac.com\/de\/wp-json\/wp\/v2\/product\/963","targetHints":{"allow":["GET"]}}],"collection":[{"href":"https:\/\/chateaucamponac.com\/de\/wp-json\/wp\/v2\/product"}],"about":[{"href":"https:\/\/chateaucamponac.com\/de\/wp-json\/wp\/v2\/types\/product"}],"replies":[{"embeddable":true,"href":"https:\/\/chateaucamponac.com\/de\/wp-json\/wp\/v2\/comments?post=963"}],"wp:featuredmedia":[{"embeddable":true,"href":"https:\/\/chateaucamponac.com\/de\/wp-json\/wp\/v2\/media\/948"}],"wp:attachment":[{"href":"https:\/\/chateaucamponac.com\/de\/wp-json\/wp\/v2\/media?parent=963"}],"wp:term":[{"taxonomy":"product_cat","embeddable":true,"href":"https:\/\/chateaucamponac.com\/de\/wp-json\/wp\/v2\/product_cat?post=963"},{"taxonomy":"product_tag","embeddable":true,"href":"https:\/\/chateaucamponac.com\/de\/wp-json\/wp\/v2\/product_tag?post=963"}],"curies":[{"name":"wp","href":"https:\/\/api.w.org\/{rel}","templated":true}]}}