{"id":3,"date":"2021-09-28T16:46:06","date_gmt":"2021-09-28T15:46:06","guid":{"rendered":"http:\/\/chateaucamponac.fr\/?page_id=3"},"modified":"2024-05-15T14:24:44","modified_gmt":"2024-05-15T13:24:44","slug":"mentions-legales","status":"publish","type":"page","link":"https:\/\/chateaucamponac.com\/en\/mentions-legales\/","title":{"rendered":"Terms of use"},"content":{"rendered":"\n<h1 class=\"wp-block-heading\">Terms of use <\/h1>\n\n\n\n<h2 class=\"wp-block-heading\">SITE OWNER <\/h2>\n\n\n\n<p>Ch\u00e2teau Camponac1, <br>lieu dit Ch\u00e2teau Camponac<br>F-33710 Bourg<br>France<br><br>Num\u00e9ro SIREN:<br>Num\u00e9ro de TVA:<\/p>\n\n\n\n<h2 class=\"wp-block-heading\">Hosting<\/h2>\n\n\n\n<p>Our data is hosted by external service providers who also guarantee the confidentiality of data relating to chateaucamponac.com. The respective confidentiality policies therefore also apply.<\/p>\n\n\n\n<p>Mail: infomaniak.com<br>Web : monwebsite.ch<\/p>\n\n\n\n<h2 class=\"wp-block-heading\">SITE ACCESS<\/h2>\n\n\n\n<p>This site is reserved for the personal and private use of internet users of legal drinking age, in countries and territories where the consumption of alcoholic beverages is authorized by law. If you do not meet these conditions, you must leave the site immediately. Ordinance no. 59-107 of January 7, 1959 and Law no. 74-631 of July 5, 1974 prohibit the sale and offer of alcoholic beverages to minors and assimilated persons. Consequently, by completing your order form, you acknowledge that you have the legal capacity to enter into this contract. Drink in moderation!<\/p>\n\n\n\n<h2 class=\"wp-block-heading\">RESPECT FOR PRIVACY AND RIGHT TO ACCESS OR MODIFY PERSONAL DATA<\/h2>\n\n\n\n<p>This is the privacy policy adopted by Ch\u00e2teau Camponac in order to offer you the best possible service, we may ask you to provide us with personal data. e are committed to respecting your privacy and protecting the information you give us. I particular, personal data collected on the site is intended for our use. They are confidential and treated as such, and may not e transferred to third parties. In accordance with the French Data Protection act of January 6, 1978, you have the right to access, rectify, modify and exercise this right by sending an e-mail to : info@chateaucamponac.com <\/p>\n\n\n\n<h2 class=\"wp-block-heading\">Cookies&nbsp;<\/h2>\n\n\n\n<p>This site uses cookies. If you choose to continue using our website, you accept the use of our cookies. This site uses cookies to provide visitors with an optimal browsing experience and services tailored to their individual interests. <strong class=\"privacy-policy-tutorial\"><\/strong><\/p>\n\n\n\n<h2 class=\"wp-block-heading\">INTELLECTUAL PROPERTY &#8211; RESPECT FOR COPYRIGHT<\/h2>\n\n\n\n<p>Access to our site gives you the right to private, non-exclusive use of this site. All elements published on this site, including texts, photographs, computer graphics, logos and trademarks constitute works within the meaning of the French Intellectual Property Code. Consequently, any representation or reproduction, in whole or in part, that may be made without the consent of the authors of their assignees, is illegal. <br><\/p>\n","protected":false},"excerpt":{"rendered":"<p>Terms of use SITE OWNER Ch\u00e2teau Camponac1, lieu dit Ch\u00e2teau CamponacF-33710 BourgFrance Num\u00e9ro SIREN:Num\u00e9ro de TVA: Hosting Our data is hosted by external service providers who also guarantee the confidentiality of data relating to chateaucamponac.com. The respective confidentiality policies therefore also apply. Mail: infomaniak.comWeb : monwebsite.ch SITE ACCESS This site is reserved for the personal [&hellip;]<\/p>\n","protected":false},"author":1,"featured_media":0,"parent":0,"menu_order":0,"comment_status":"closed","ping_status":"closed","template":"","meta":{"footnotes":""},"class_list":["post-3","page","type-page","status-publish","hentry"],"acf":[],"yoast_head":"<!-- This site is optimized with the Yoast SEO plugin v24.8.1 - https:\/\/yoast.com\/wordpress\/plugins\/seo\/ -->\n<title>Terms of use - Ch\u00e2teau Camponac<\/title>\n<meta name=\"description\" content=\"Ce site est r\u00e9serv\u00e9 \u00e0 un usage personnel et priv\u00e9 de l\u2019internaute en \u00e2ge l\u00e9gal de consommer de l\u2019alcool dans son pays de r\u00e9sidence.\" \/>\n<meta name=\"robots\" content=\"index, follow, max-snippet:-1, max-image-preview:large, max-video-preview:-1\" \/>\n<link rel=\"canonical\" href=\"https:\/\/chateaucamponac.com\/de\/mentions-legales\/\" \/>\n<meta property=\"og:locale\" content=\"en_GB\" \/>\n<meta property=\"og:type\" content=\"article\" \/>\n<meta property=\"og:title\" content=\"Terms of use\" \/>\n<meta property=\"og:description\" content=\"Ce site est r\u00e9serv\u00e9 \u00e0 un usage personnel et priv\u00e9 de l\u2019internaute en \u00e2ge l\u00e9gal de consommer de l\u2019alcool dans son pays de r\u00e9sidence.\" \/>\n<meta property=\"og:url\" content=\"https:\/\/chateaucamponac.com\/de\/mentions-legales\/\" \/>\n<meta property=\"og:site_name\" content=\"Ch\u00e2teau Camponac\" \/>\n<meta property=\"article:modified_time\" content=\"2024-05-15T13:24:44+00:00\" \/>\n<meta name=\"twitter:card\" content=\"summary_large_image\" \/>\n<meta name=\"twitter:label1\" content=\"Estimated reading time\" \/>\n\t<meta name=\"twitter:data1\" content=\"3 minutes\" \/>\n<script type=\"application\/ld+json\" class=\"yoast-schema-graph\">{\"@context\":\"https:\/\/schema.org\",\"@graph\":[{\"@type\":\"WebPage\",\"@id\":\"https:\/\/chateaucamponac.com\/de\/mentions-legales\/\",\"url\":\"https:\/\/chateaucamponac.com\/de\/mentions-legales\/\",\"name\":\"[:fr]Mentions l\u00e9gales[:en]Terms of use[:de]Rechtliche Hinweise[:] - Ch\u00e2teau Camponac\",\"isPartOf\":{\"@id\":\"https:\/\/chateaucamponac.com\/#website\"},\"datePublished\":\"2021-09-28T15:46:06+00:00\",\"dateModified\":\"2024-05-15T13:24:44+00:00\",\"description\":\"Ce site est r\u00e9serv\u00e9 \u00e0 un usage personnel et priv\u00e9 de l\u2019internaute en \u00e2ge l\u00e9gal de consommer de l\u2019alcool dans son pays de r\u00e9sidence.\",\"breadcrumb\":{\"@id\":\"https:\/\/chateaucamponac.com\/de\/mentions-legales\/#breadcrumb\"},\"inLanguage\":\"en-GB\",\"potentialAction\":[{\"@type\":\"ReadAction\",\"target\":[\"https:\/\/chateaucamponac.com\/de\/mentions-legales\/\"]}]},{\"@type\":\"BreadcrumbList\",\"@id\":\"https:\/\/chateaucamponac.com\/de\/mentions-legales\/#breadcrumb\",\"itemListElement\":[{\"@type\":\"ListItem\",\"position\":1,\"name\":\"Accueil\",\"item\":\"https:\/\/chateaucamponac.com\/de\/\"},{\"@type\":\"ListItem\",\"position\":2,\"name\":\"Rechtliche Hinweise\"}]},{\"@type\":\"WebSite\",\"@id\":\"https:\/\/chateaucamponac.com\/#website\",\"url\":\"https:\/\/chateaucamponac.com\/\",\"name\":\"Ch\u00e2teau Camponac\",\"description\":\"The passion for the terroir\",\"potentialAction\":[{\"@type\":\"SearchAction\",\"target\":{\"@type\":\"EntryPoint\",\"urlTemplate\":\"https:\/\/chateaucamponac.com\/?s={search_term_string}\"},\"query-input\":{\"@type\":\"PropertyValueSpecification\",\"valueRequired\":true,\"valueName\":\"search_term_string\"}}],\"inLanguage\":\"en-GB\"}]}<\/script>\n<!-- \/ Yoast SEO plugin. -->","yoast_head_json":{"title":"Terms of use - Ch\u00e2teau Camponac","description":"Ce site est r\u00e9serv\u00e9 \u00e0 un usage personnel et priv\u00e9 de l\u2019internaute en \u00e2ge l\u00e9gal de consommer de l\u2019alcool dans son pays de r\u00e9sidence.","robots":{"index":"index","follow":"follow","max-snippet":"max-snippet:-1","max-image-preview":"max-image-preview:large","max-video-preview":"max-video-preview:-1"},"canonical":"https:\/\/chateaucamponac.com\/de\/mentions-legales\/","og_locale":"en_GB","og_type":"article","og_title":"[:fr]Mentions l\u00e9gales[:en]Terms of use[:de]Rechtliche Hinweise[:] - Ch\u00e2teau Camponac","og_description":"Ce site est r\u00e9serv\u00e9 \u00e0 un usage personnel et priv\u00e9 de l\u2019internaute en \u00e2ge l\u00e9gal de consommer de l\u2019alcool dans son pays de r\u00e9sidence.","og_url":"https:\/\/chateaucamponac.com\/de\/mentions-legales\/","og_site_name":"Ch\u00e2teau Camponac","article_modified_time":"2024-05-15T13:24:44+00:00","twitter_card":"summary_large_image","twitter_misc":{"Estimated reading time":"3 minutes"},"schema":{"@context":"https:\/\/schema.org","@graph":[{"@type":"WebPage","@id":"https:\/\/chateaucamponac.com\/de\/mentions-legales\/","url":"https:\/\/chateaucamponac.com\/de\/mentions-legales\/","name":"[:fr]Mentions l\u00e9gales[:en]Terms of use[:de]Rechtliche Hinweise[:] - Ch\u00e2teau Camponac","isPartOf":{"@id":"https:\/\/chateaucamponac.com\/#website"},"datePublished":"2021-09-28T15:46:06+00:00","dateModified":"2024-05-15T13:24:44+00:00","description":"Ce site est r\u00e9serv\u00e9 \u00e0 un usage personnel et priv\u00e9 de l\u2019internaute en \u00e2ge l\u00e9gal de consommer de l\u2019alcool dans son pays de r\u00e9sidence.","breadcrumb":{"@id":"https:\/\/chateaucamponac.com\/de\/mentions-legales\/#breadcrumb"},"inLanguage":"en-GB","potentialAction":[{"@type":"ReadAction","target":["https:\/\/chateaucamponac.com\/de\/mentions-legales\/"]}]},{"@type":"BreadcrumbList","@id":"https:\/\/chateaucamponac.com\/de\/mentions-legales\/#breadcrumb","itemListElement":[{"@type":"ListItem","position":1,"name":"Accueil","item":"https:\/\/chateaucamponac.com\/de\/"},{"@type":"ListItem","position":2,"name":"Rechtliche Hinweise"}]},{"@type":"WebSite","@id":"https:\/\/chateaucamponac.com\/#website","url":"https:\/\/chateaucamponac.com\/","name":"Ch\u00e2teau Camponac","description":"The passion for the terroir","potentialAction":[{"@type":"SearchAction","target":{"@type":"EntryPoint","urlTemplate":"https:\/\/chateaucamponac.com\/?s={search_term_string}"},"query-input":{"@type":"PropertyValueSpecification","valueRequired":true,"valueName":"search_term_string"}}],"inLanguage":"en-GB"}]}},"jetpack_sharing_enabled":true,"_links":{"self":[{"href":"https:\/\/chateaucamponac.com\/en\/wp-json\/wp\/v2\/pages\/3","targetHints":{"allow":["GET"]}}],"collection":[{"href":"https:\/\/chateaucamponac.com\/en\/wp-json\/wp\/v2\/pages"}],"about":[{"href":"https:\/\/chateaucamponac.com\/en\/wp-json\/wp\/v2\/types\/page"}],"author":[{"embeddable":true,"href":"https:\/\/chateaucamponac.com\/en\/wp-json\/wp\/v2\/users\/1"}],"replies":[{"embeddable":true,"href":"https:\/\/chateaucamponac.com\/en\/wp-json\/wp\/v2\/comments?post=3"}],"version-history":[{"count":25,"href":"https:\/\/chateaucamponac.com\/en\/wp-json\/wp\/v2\/pages\/3\/revisions"}],"predecessor-version":[{"id":1402,"href":"https:\/\/chateaucamponac.com\/en\/wp-json\/wp\/v2\/pages\/3\/revisions\/1402"}],"wp:attachment":[{"href":"https:\/\/chateaucamponac.com\/en\/wp-json\/wp\/v2\/media?parent=3"}],"curies":[{"name":"wp","href":"https:\/\/api.w.org\/{rel}","templated":true}]}}