{"id":43,"date":"2021-10-09T12:22:13","date_gmt":"2021-10-09T11:22:13","guid":{"rendered":"https:\/\/chateaucamponac.fr\/?page_id=43"},"modified":"2024-05-15T14:18:51","modified_gmt":"2024-05-15T13:18:51","slug":"le-domaine","status":"publish","type":"page","link":"https:\/\/chateaucamponac.com\/en\/le-domaine\/","title":{"rendered":"The domain"},"content":{"rendered":"<div class=\"n2_clear\"><ss3-force-full-width data-overflow-x=\"body\" data-horizontal-selector=\"body\"><div class=\"n2-section-smartslider fitvidsignore  n2_clear\" data-ssid=\"5\" tabindex=\"0\" role=\"region\" aria-label=\"Slider\"><div id=\"n2-ss-5-align\" class=\"n2-ss-align\"><div class=\"n2-padding\"><div id=\"n2-ss-5\" data-creator=\"Smart Slider 3\" data-responsive=\"fullwidth\" class=\"n2-ss-slider n2-ow n2-has-hover n2notransition  \">\n        <div class=\"n2-ss-slider-1 n2_ss__touch_element n2-ow\">\n            <div class=\"n2-ss-slider-2 n2-ow\">\n                                                <div class=\"n2-ss-slider-3 n2-ow\">\n\n                    <div class=\"n2-ss-slide-backgrounds n2-ow-all\"><div class=\"n2-ss-slide-background\" data-public-id=\"1\" data-mode=\"fill\"><div class=\"n2-ss-slide-background-image\" data-blur=\"0\" data-opacity=\"100\" data-x=\"50\" data-y=\"50\" data-alt=\"\" data-title=\"\"><picture class=\"skip-lazy jetpack-lazy-image\" data-skip-lazy=\"1\"><img decoding=\"async\" src=\"\/\/chateaucamponac.com\/wp-content\/uploads\/2021\/10\/2048-1536-max-1.jpg\" alt=\"\" title=\"\" loading=\"lazy\" class=\"skip-lazy jetpack-lazy-image\" data-skip-lazy=\"1\"><\/picture><\/div><div data-color=\"RGBA(255,255,255,0)\" style=\"background-color: RGBA(255,255,255,0);\" class=\"n2-ss-slide-background-color\"><\/div><\/div><\/div>                    <div class=\"n2-ss-slider-4 n2-ow\">\n                        <svg xmlns=\"http:\/\/www.w3.org\/2000\/svg\" viewBox=\"0 0 1200 600\" data-related-device=\"desktopPortrait\" class=\"n2-ow n2-ss-preserve-size n2-ss-preserve-size--slider n2-ss-slide-limiter\"><\/svg><div data-first=\"1\" data-slide-duration=\"0\" data-id=\"8\" data-slide-public-id=\"1\" data-title=\"2048-1536-max\" class=\"n2-ss-slide n2-ow  n2-ss-slide-8\"><div role=\"note\" class=\"n2-ss-slide--focus\" tabindex=\"-1\">2048-1536-max<\/div><div class=\"n2-ss-layers-container n2-ss-slide-limiter n2-ow\"><div class=\"n2-ss-layer n2-ow n-uc-HQRKsO2UOb9j\" data-sstype=\"slide\" data-pm=\"default\"><\/div><\/div><\/div>                    <\/div>\n\n                                    <\/div>\n            <\/div>\n        <\/div>\n        <\/div><ss3-loader><\/ss3-loader><\/div><\/div><div class=\"n2_clear\"><\/div><\/div><\/ss3-force-full-width><\/div>\n\n\n<h2 class=\"wp-block-heading\" id=\"bienvenu-e-s-au-domaine-chateau-camponac\">Welcome to the domaine Ch\u00e2teau Camponac<\/h2>\n\n\n\n<div class=\"wp-block-columns is-layout-flex wp-container-core-columns-is-layout-9d6595d7 wp-block-columns-is-layout-flex\">\n<div class=\"wp-block-column is-layout-flow wp-block-column-is-layout-flow\" style=\"flex-basis:66.66%\">\n<p>Located about 30km from Bordeaux and 1.5km from the village of Bourg, Ch\u00e2teau Camponac welcomes you to a hilly setting amidst vines, the oldest of which date back to 1959.<\/p>\n<\/div>\n\n\n\n<div class=\"wp-block-column is-layout-flow wp-block-column-is-layout-flow\" style=\"flex-basis:33.33%\"><\/div>\n<\/div>\n\n\n\n<div class=\"wp-block-columns is-layout-flex wp-container-core-columns-is-layout-9d6595d7 wp-block-columns-is-layout-flex\">\n<div class=\"wp-block-column is-layout-flow wp-block-column-is-layout-flow\">\n<figure class=\"wp-block-image size-large\"><img data-recalc-dims=\"1\" loading=\"lazy\" decoding=\"async\" width=\"980\" height=\"792\" src=\"https:\/\/i0.wp.com\/chateaucamponac.com\/wp-content\/uploads\/2021\/10\/domaine_couleur.jpg?resize=980%2C792&#038;ssl=1\" alt=\"\" class=\"wp-image-374\" srcset=\"https:\/\/i0.wp.com\/chateaucamponac.com\/wp-content\/uploads\/2021\/10\/domaine_couleur.jpg?resize=1024%2C828&amp;ssl=1 1024w, https:\/\/i0.wp.com\/chateaucamponac.com\/wp-content\/uploads\/2021\/10\/domaine_couleur.jpg?resize=300%2C243&amp;ssl=1 300w, https:\/\/i0.wp.com\/chateaucamponac.com\/wp-content\/uploads\/2021\/10\/domaine_couleur.jpg?resize=768%2C621&amp;ssl=1 768w, https:\/\/i0.wp.com\/chateaucamponac.com\/wp-content\/uploads\/2021\/10\/domaine_couleur.jpg?resize=1536%2C1243&amp;ssl=1 1536w, https:\/\/i0.wp.com\/chateaucamponac.com\/wp-content\/uploads\/2021\/10\/domaine_couleur.jpg?resize=416%2C337&amp;ssl=1 416w, https:\/\/i0.wp.com\/chateaucamponac.com\/wp-content\/uploads\/2021\/10\/domaine_couleur.jpg?w=2000&amp;ssl=1 2000w\" sizes=\"auto, (max-width: 980px) 100vw, 980px\" \/><\/figure>\n\n\n\n<p>The estate comprises 8.5 ha of vineyards, meadows, a main building, a guest house and outbuildings. We make our own wine on the estate. <\/p>\n<\/div>\n\n\n\n<div class=\"wp-block-column is-layout-flow wp-block-column-is-layout-flow\">\n<figure class=\"wp-block-image size-full\"><img data-recalc-dims=\"1\" loading=\"lazy\" decoding=\"async\" width=\"726\" height=\"493\" src=\"https:\/\/i0.wp.com\/chateaucamponac.com\/wp-content\/uploads\/2021\/10\/Screenshot-2021-10-09-at-13-18-28-CC_web_01.png?resize=726%2C493&#038;ssl=1\" alt=\"\" class=\"wp-image-45\" srcset=\"https:\/\/i0.wp.com\/chateaucamponac.com\/wp-content\/uploads\/2021\/10\/Screenshot-2021-10-09-at-13-18-28-CC_web_01.png?w=726&amp;ssl=1 726w, https:\/\/i0.wp.com\/chateaucamponac.com\/wp-content\/uploads\/2021\/10\/Screenshot-2021-10-09-at-13-18-28-CC_web_01.png?resize=300%2C204&amp;ssl=1 300w, https:\/\/i0.wp.com\/chateaucamponac.com\/wp-content\/uploads\/2021\/10\/Screenshot-2021-10-09-at-13-18-28-CC_web_01.png?resize=416%2C282&amp;ssl=1 416w\" sizes=\"auto, (max-width: 726px) 100vw, 726px\" \/><\/figure>\n\n\n\n<p>To diversify our production, in the coming years we will continue to plant new resistant grape varieties, such as Souvignier gris, to limit the need for treatments.<\/p>\n<\/div>\n<\/div>\n\n\n\n<div class=\"wp-block-columns is-layout-flex wp-container-core-columns-is-layout-9d6595d7 wp-block-columns-is-layout-flex\"><\/div>\n\n\n\n<div class=\"wp-block-columns is-layout-flex wp-container-core-columns-is-layout-9d6595d7 wp-block-columns-is-layout-flex\">\n<div class=\"wp-block-column is-layout-flow wp-block-column-is-layout-flow\">\n<div class=\"wp-block-columns is-layout-flex wp-container-core-columns-is-layout-9d6595d7 wp-block-columns-is-layout-flex\">\n<div class=\"wp-block-column is-layout-flow wp-block-column-is-layout-flow\" style=\"flex-basis:100%\"><\/div>\n<\/div>\n<\/div>\n<\/div>\n\n\n\n<hr class=\"wp-block-separator has-text-color has-css-opacity has-background aligncenter is-style-wide\" style=\"background-color:#726434;color:#726434\"\/>\n\n\n\n<p><\/p>\n\n\n\n<h2 class=\"wp-block-heading alignwide has-text-color\" id=\"l-histoire\" style=\"color:#726434\">The terroir<\/h2>\n\n\n\n<div class=\"wp-block-columns is-layout-flex wp-container-core-columns-is-layout-9d6595d7 wp-block-columns-is-layout-flex\">\n<div class=\"wp-block-column is-layout-flow wp-block-column-is-layout-flow\">\n<figure class=\"wp-block-image size-large\"><img data-recalc-dims=\"1\" loading=\"lazy\" decoding=\"async\" width=\"980\" height=\"649\" src=\"https:\/\/i0.wp.com\/chateaucamponac.com\/wp-content\/uploads\/2021\/10\/Screenshot-2021-10-09-at-13-21-16-CC_web_Camponac.png?resize=980%2C649&#038;ssl=1\" alt=\"\" class=\"wp-image-46\" srcset=\"https:\/\/i0.wp.com\/chateaucamponac.com\/wp-content\/uploads\/2021\/10\/Screenshot-2021-10-09-at-13-21-16-CC_web_Camponac.png?resize=1024%2C678&amp;ssl=1 1024w, https:\/\/i0.wp.com\/chateaucamponac.com\/wp-content\/uploads\/2021\/10\/Screenshot-2021-10-09-at-13-21-16-CC_web_Camponac.png?resize=300%2C199&amp;ssl=1 300w, https:\/\/i0.wp.com\/chateaucamponac.com\/wp-content\/uploads\/2021\/10\/Screenshot-2021-10-09-at-13-21-16-CC_web_Camponac.png?resize=768%2C509&amp;ssl=1 768w, https:\/\/i0.wp.com\/chateaucamponac.com\/wp-content\/uploads\/2021\/10\/Screenshot-2021-10-09-at-13-21-16-CC_web_Camponac.png?resize=816%2C541&amp;ssl=1 816w, https:\/\/i0.wp.com\/chateaucamponac.com\/wp-content\/uploads\/2021\/10\/Screenshot-2021-10-09-at-13-21-16-CC_web_Camponac.png?resize=416%2C276&amp;ssl=1 416w, https:\/\/i0.wp.com\/chateaucamponac.com\/wp-content\/uploads\/2021\/10\/Screenshot-2021-10-09-at-13-21-16-CC_web_Camponac.png?w=1096&amp;ssl=1 1096w\" sizes=\"auto, (max-width: 980px) 100vw, 980px\" \/><\/figure>\n<\/div>\n<\/div>\n\n\n\n<div class=\"wp-block-columns is-layout-flex wp-container-core-columns-is-layout-9d6595d7 wp-block-columns-is-layout-flex\">\n<div class=\"wp-block-column is-layout-flow wp-block-column-is-layout-flow\">\n<p>The estate is composed of three very different sub-soils.<\/p>\n\n\n\n<p>Our Cabernet Sauvignon vines are planted on clay-limestone soil, with deep sandstone limestone dating back to the Ecocene ( ~ 50 million years ago ), a period of intense global warming.<\/p>\n\n\n\n<p>The Merlot and Cabernet Franc vines are planted on much younger Quaternary soil ( ~ 2 million years ). The soil is composed of colluvium, the origin of which is the erosion glacis. The soil is mainly silty clay, a late terroir. <\/p>\n<\/div>\n\n\n\n<div class=\"wp-block-column is-layout-flow wp-block-column-is-layout-flow\">\n<p>Finally, located at the top of rolling hillsides, Malbecs and Merlots are planted in quartzite gravels from a fluvial or delta formation, giving a rather precocious terroir.<\/p>\n<\/div>\n<\/div>\n\n\n\n<p><\/p>\n\n\n\n<h2 class=\"wp-block-heading alignwide has-text-color\" id=\"l-histoire\" style=\"color:#726434\">The history <\/h2>\n\n\n\n<div class=\"wp-block-columns is-layout-flex wp-container-core-columns-is-layout-9d6595d7 wp-block-columns-is-layout-flex\">\n<div class=\"wp-block-column is-layout-flow wp-block-column-is-layout-flow\"><div class=\"wp-block-image\">\n<figure class=\"aligncenter size-large\"><img data-recalc-dims=\"1\" loading=\"lazy\" decoding=\"async\" width=\"980\" height=\"651\" src=\"https:\/\/i0.wp.com\/chateaucamponac.com\/wp-content\/uploads\/2021\/10\/Screenshot-2021-10-09-at-13-24-27-CC_web_Camponac.png?resize=980%2C651&#038;ssl=1\" alt=\"\" class=\"wp-image-49\" srcset=\"https:\/\/i0.wp.com\/chateaucamponac.com\/wp-content\/uploads\/2021\/10\/Screenshot-2021-10-09-at-13-24-27-CC_web_Camponac.png?resize=1024%2C680&amp;ssl=1 1024w, https:\/\/i0.wp.com\/chateaucamponac.com\/wp-content\/uploads\/2021\/10\/Screenshot-2021-10-09-at-13-24-27-CC_web_Camponac.png?resize=300%2C199&amp;ssl=1 300w, https:\/\/i0.wp.com\/chateaucamponac.com\/wp-content\/uploads\/2021\/10\/Screenshot-2021-10-09-at-13-24-27-CC_web_Camponac.png?resize=768%2C510&amp;ssl=1 768w, https:\/\/i0.wp.com\/chateaucamponac.com\/wp-content\/uploads\/2021\/10\/Screenshot-2021-10-09-at-13-24-27-CC_web_Camponac.png?resize=816%2C542&amp;ssl=1 816w, https:\/\/i0.wp.com\/chateaucamponac.com\/wp-content\/uploads\/2021\/10\/Screenshot-2021-10-09-at-13-24-27-CC_web_Camponac.png?resize=416%2C276&amp;ssl=1 416w, https:\/\/i0.wp.com\/chateaucamponac.com\/wp-content\/uploads\/2021\/10\/Screenshot-2021-10-09-at-13-24-27-CC_web_Camponac.png?w=1100&amp;ssl=1 1100w\" sizes=\"auto, (max-width: 980px) 100vw, 980px\" \/><\/figure>\n<\/div><\/div>\n<\/div>\n\n\n\n<div class=\"wp-block-columns is-layout-flex wp-container-core-columns-is-layout-9d6595d7 wp-block-columns-is-layout-flex\">\n<div class=\"wp-block-column is-layout-flow wp-block-column-is-layout-flow\">\n<p>The estate dates back to the 19th century, the first traces of which date back to the 1893 version of Le Feret, where the estate was well established and classified as a Cru Bourgeois at the time, a classification that has since been banned. The main buildings are identical to today&#8217;s, at least as far as the facade is concerned. If we refer to the trees in the photo, and in particular the magnolia on the right, which appears to be over 50 years old, we can safely estimate that the house dates back to the 1850s.<\/p>\n<\/div>\n\n\n\n<div class=\"wp-block-column is-layout-flow wp-block-column-is-layout-flow\">\n<p><\/p>\n<\/div>\n<\/div>\n\n\n\n<p><\/p>\n","protected":false},"excerpt":{"rendered":"<p>Welcome to the domaine Ch\u00e2teau Camponac Located about 30km from Bordeaux and 1.5km from the village of Bourg, Ch\u00e2teau Camponac welcomes you to a hilly setting amidst vines, the oldest of which date back to 1959. The estate comprises 8.5 ha of vineyards, meadows, a main building, a guest house and outbuildings. We make our [&hellip;]<\/p>\n","protected":false},"author":1,"featured_media":0,"parent":0,"menu_order":0,"comment_status":"closed","ping_status":"closed","template":"","meta":{"footnotes":""},"class_list":["post-43","page","type-page","status-publish","hentry"],"acf":[],"yoast_head":"<!-- This site is optimized with the Yoast SEO plugin v24.8.1 - https:\/\/yoast.com\/wordpress\/plugins\/seo\/ -->\n<title>The domain - Ch\u00e2teau Camponac<\/title>\n<meta name=\"robots\" content=\"index, follow, max-snippet:-1, max-image-preview:large, max-video-preview:-1\" \/>\n<link rel=\"canonical\" href=\"https:\/\/chateaucamponac.com\/de\/le-domaine\/\" \/>\n<meta property=\"og:locale\" content=\"en_GB\" \/>\n<meta property=\"og:type\" content=\"article\" \/>\n<meta property=\"og:title\" content=\"The domain\" \/>\n<meta property=\"og:description\" content=\"Welcome to the domaine Ch\u00e2teau Camponac Located about 30km from Bordeaux and 1.5km from the village of Bourg, Ch\u00e2teau Camponac welcomes you to a hilly setting amidst vines, the oldest of which date back to 1959. The estate comprises 8.5 ha of vineyards, meadows, a main building, a guest house and outbuildings. We make our [&hellip;]\" \/>\n<meta property=\"og:url\" content=\"https:\/\/chateaucamponac.com\/de\/le-domaine\/\" \/>\n<meta property=\"og:site_name\" content=\"Ch\u00e2teau Camponac\" \/>\n<meta property=\"article:modified_time\" content=\"2024-05-15T13:18:51+00:00\" \/>\n<meta property=\"og:image\" content=\"https:\/\/chateaucamponac.com\/wp-content\/uploads\/2021\/10\/domaine_couleur-1024x828.jpg\" \/>\n<meta name=\"twitter:card\" content=\"summary_large_image\" \/>\n<meta name=\"twitter:label1\" content=\"Estimated reading time\" \/>\n\t<meta name=\"twitter:data1\" content=\"3 minutes\" \/>\n<script type=\"application\/ld+json\" class=\"yoast-schema-graph\">{\"@context\":\"https:\/\/schema.org\",\"@graph\":[{\"@type\":\"WebPage\",\"@id\":\"https:\/\/chateaucamponac.com\/de\/le-domaine\/\",\"url\":\"https:\/\/chateaucamponac.com\/de\/le-domaine\/\",\"name\":\"[:fr]Le domaine[:en]The domain[:de]Die Dom\u00e4ne[:] - Ch\u00e2teau Camponac\",\"isPartOf\":{\"@id\":\"https:\/\/chateaucamponac.com\/#website\"},\"primaryImageOfPage\":{\"@id\":\"https:\/\/chateaucamponac.com\/de\/le-domaine\/#primaryimage\"},\"image\":{\"@id\":\"https:\/\/chateaucamponac.com\/de\/le-domaine\/#primaryimage\"},\"thumbnailUrl\":\"https:\/\/chateaucamponac.com\/wp-content\/uploads\/2021\/10\/domaine_couleur-1024x828.jpg\",\"datePublished\":\"2021-10-09T11:22:13+00:00\",\"dateModified\":\"2024-05-15T13:18:51+00:00\",\"breadcrumb\":{\"@id\":\"https:\/\/chateaucamponac.com\/de\/le-domaine\/#breadcrumb\"},\"inLanguage\":\"en-GB\",\"potentialAction\":[{\"@type\":\"ReadAction\",\"target\":[\"https:\/\/chateaucamponac.com\/de\/le-domaine\/\"]}]},{\"@type\":\"ImageObject\",\"inLanguage\":\"en-GB\",\"@id\":\"https:\/\/chateaucamponac.com\/de\/le-domaine\/#primaryimage\",\"url\":\"https:\/\/chateaucamponac.com\/wp-content\/uploads\/2021\/10\/domaine_couleur-1024x828.jpg\",\"contentUrl\":\"https:\/\/chateaucamponac.com\/wp-content\/uploads\/2021\/10\/domaine_couleur-1024x828.jpg\"},{\"@type\":\"BreadcrumbList\",\"@id\":\"https:\/\/chateaucamponac.com\/de\/le-domaine\/#breadcrumb\",\"itemListElement\":[{\"@type\":\"ListItem\",\"position\":1,\"name\":\"Accueil\",\"item\":\"https:\/\/chateaucamponac.com\/de\/\"},{\"@type\":\"ListItem\",\"position\":2,\"name\":\"Die Dom\u00e4ne\"}]},{\"@type\":\"WebSite\",\"@id\":\"https:\/\/chateaucamponac.com\/#website\",\"url\":\"https:\/\/chateaucamponac.com\/\",\"name\":\"Ch\u00e2teau Camponac\",\"description\":\"The passion for the terroir\",\"potentialAction\":[{\"@type\":\"SearchAction\",\"target\":{\"@type\":\"EntryPoint\",\"urlTemplate\":\"https:\/\/chateaucamponac.com\/?s={search_term_string}\"},\"query-input\":{\"@type\":\"PropertyValueSpecification\",\"valueRequired\":true,\"valueName\":\"search_term_string\"}}],\"inLanguage\":\"en-GB\"}]}<\/script>\n<!-- \/ Yoast SEO plugin. -->","yoast_head_json":{"title":"The domain - Ch\u00e2teau Camponac","robots":{"index":"index","follow":"follow","max-snippet":"max-snippet:-1","max-image-preview":"max-image-preview:large","max-video-preview":"max-video-preview:-1"},"canonical":"https:\/\/chateaucamponac.com\/de\/le-domaine\/","og_locale":"en_GB","og_type":"article","og_title":"[:fr]Le domaine[:en]The domain[:de]Die Dom\u00e4ne[:] - Ch\u00e2teau Camponac","og_description":"Welcome to the domaine Ch\u00e2teau Camponac Located about 30km from Bordeaux and 1.5km from the village of Bourg, Ch\u00e2teau Camponac welcomes you to a hilly setting amidst vines, the oldest of which date back to 1959. The estate comprises 8.5 ha of vineyards, meadows, a main building, a guest house and outbuildings. We make our [&hellip;]","og_url":"https:\/\/chateaucamponac.com\/de\/le-domaine\/","og_site_name":"Ch\u00e2teau Camponac","article_modified_time":"2024-05-15T13:18:51+00:00","og_image":[{"url":"https:\/\/chateaucamponac.com\/wp-content\/uploads\/2021\/10\/domaine_couleur-1024x828.jpg","type":"","width":"","height":""}],"twitter_card":"summary_large_image","twitter_misc":{"Estimated reading time":"3 minutes"},"schema":{"@context":"https:\/\/schema.org","@graph":[{"@type":"WebPage","@id":"https:\/\/chateaucamponac.com\/de\/le-domaine\/","url":"https:\/\/chateaucamponac.com\/de\/le-domaine\/","name":"[:fr]Le domaine[:en]The domain[:de]Die Dom\u00e4ne[:] - Ch\u00e2teau Camponac","isPartOf":{"@id":"https:\/\/chateaucamponac.com\/#website"},"primaryImageOfPage":{"@id":"https:\/\/chateaucamponac.com\/de\/le-domaine\/#primaryimage"},"image":{"@id":"https:\/\/chateaucamponac.com\/de\/le-domaine\/#primaryimage"},"thumbnailUrl":"https:\/\/chateaucamponac.com\/wp-content\/uploads\/2021\/10\/domaine_couleur-1024x828.jpg","datePublished":"2021-10-09T11:22:13+00:00","dateModified":"2024-05-15T13:18:51+00:00","breadcrumb":{"@id":"https:\/\/chateaucamponac.com\/de\/le-domaine\/#breadcrumb"},"inLanguage":"en-GB","potentialAction":[{"@type":"ReadAction","target":["https:\/\/chateaucamponac.com\/de\/le-domaine\/"]}]},{"@type":"ImageObject","inLanguage":"en-GB","@id":"https:\/\/chateaucamponac.com\/de\/le-domaine\/#primaryimage","url":"https:\/\/chateaucamponac.com\/wp-content\/uploads\/2021\/10\/domaine_couleur-1024x828.jpg","contentUrl":"https:\/\/chateaucamponac.com\/wp-content\/uploads\/2021\/10\/domaine_couleur-1024x828.jpg"},{"@type":"BreadcrumbList","@id":"https:\/\/chateaucamponac.com\/de\/le-domaine\/#breadcrumb","itemListElement":[{"@type":"ListItem","position":1,"name":"Accueil","item":"https:\/\/chateaucamponac.com\/de\/"},{"@type":"ListItem","position":2,"name":"Die Dom\u00e4ne"}]},{"@type":"WebSite","@id":"https:\/\/chateaucamponac.com\/#website","url":"https:\/\/chateaucamponac.com\/","name":"Ch\u00e2teau Camponac","description":"The passion for the terroir","potentialAction":[{"@type":"SearchAction","target":{"@type":"EntryPoint","urlTemplate":"https:\/\/chateaucamponac.com\/?s={search_term_string}"},"query-input":{"@type":"PropertyValueSpecification","valueRequired":true,"valueName":"search_term_string"}}],"inLanguage":"en-GB"}]}},"jetpack_sharing_enabled":true,"_links":{"self":[{"href":"https:\/\/chateaucamponac.com\/en\/wp-json\/wp\/v2\/pages\/43","targetHints":{"allow":["GET"]}}],"collection":[{"href":"https:\/\/chateaucamponac.com\/en\/wp-json\/wp\/v2\/pages"}],"about":[{"href":"https:\/\/chateaucamponac.com\/en\/wp-json\/wp\/v2\/types\/page"}],"author":[{"embeddable":true,"href":"https:\/\/chateaucamponac.com\/en\/wp-json\/wp\/v2\/users\/1"}],"replies":[{"embeddable":true,"href":"https:\/\/chateaucamponac.com\/en\/wp-json\/wp\/v2\/comments?post=43"}],"version-history":[{"count":31,"href":"https:\/\/chateaucamponac.com\/en\/wp-json\/wp\/v2\/pages\/43\/revisions"}],"predecessor-version":[{"id":1400,"href":"https:\/\/chateaucamponac.com\/en\/wp-json\/wp\/v2\/pages\/43\/revisions\/1400"}],"wp:attachment":[{"href":"https:\/\/chateaucamponac.com\/en\/wp-json\/wp\/v2\/media?parent=43"}],"curies":[{"name":"wp","href":"https:\/\/api.w.org\/{rel}","templated":true}]}}