{"id":1270,"date":"2023-05-24T19:57:12","date_gmt":"2023-05-24T18:57:12","guid":{"rendered":"https:\/\/chateaucamponac.com\/?post_type=product&#038;p=1270"},"modified":"2024-05-15T16:48:54","modified_gmt":"2024-05-15T15:48:54","slug":"rose-merlot-2022-2","status":"publish","type":"product","link":"https:\/\/chateaucamponac.com\/en\/produit\/rose-merlot-2022-2\/","title":{"rendered":"Ros\u00e9 Merlot 2022"},"content":{"rendered":"","protected":false},"excerpt":{"rendered":"<p>Aged and matured in oak barrels, floral wine, light, easy to drink<br \/>\nalcool 13%<\/p>\n","protected":false},"featured_media":1304,"comment_status":"closed","ping_status":"closed","template":"","meta":[],"product_cat":[84,79,35,28],"product_tag":[],"class_list":["post-1270","product","type-product","status-publish","has-post-thumbnail","hentry","product_cat-84","product_cat-merlot","product_cat-rose","product_cat-wein","pa_frmillesime-83"],"acf":[],"yoast_head":"<!-- This site is optimized with the Yoast SEO plugin v24.8.1 - https:\/\/yoast.com\/wordpress\/plugins\/seo\/ -->\n<title>false<\/title>\n<meta name=\"description\" content=\"\u00c9lev\u00e9 et matur\u00e9 en fut de ch\u00eane, vin floral, l\u00e9ger, facile \u00e0 boire. degr\u00e9\u00a0alcool 13%Vin de France\" \/>\n<meta name=\"robots\" content=\"index, follow, max-snippet:-1, max-image-preview:large, max-video-preview:-1\" \/>\n<link rel=\"canonical\" href=\"https:\/\/chateaucamponac.com\/de\/produit\/rose-merlot-2022-2\/\" \/>\n<meta property=\"og:locale\" content=\"en_GB\" \/>\n<meta property=\"og:type\" content=\"article\" \/>\n<meta property=\"og:title\" content=\"false\" \/>\n<meta property=\"og:description\" content=\"\u00c9lev\u00e9 et matur\u00e9 en fut de ch\u00eane, vin floral, l\u00e9ger, facile \u00e0 boire. degr\u00e9\u00a0alcool 13%Vin de France\" \/>\n<meta property=\"og:url\" content=\"https:\/\/chateaucamponac.com\/de\/produit\/rose-merlot-2022-2\/\" \/>\n<meta property=\"og:site_name\" content=\"Ch\u00e2teau Camponac\" \/>\n<meta property=\"article:modified_time\" content=\"2024-05-15T15:48:54+00:00\" \/>\n<meta property=\"og:image\" content=\"https:\/\/chateaucamponac.com\/wp-content\/uploads\/2023\/05\/rose-scaled.jpg\" \/>\n\t<meta property=\"og:image:width\" content=\"1920\" \/>\n\t<meta property=\"og:image:height\" content=\"2560\" \/>\n\t<meta property=\"og:image:type\" content=\"image\/jpeg\" \/>\n<meta name=\"twitter:card\" content=\"summary_large_image\" \/>\n<script type=\"application\/ld+json\" class=\"yoast-schema-graph\">{\"@context\":\"https:\/\/schema.org\",\"@graph\":[{\"@type\":\"WebPage\",\"@id\":\"https:\/\/chateaucamponac.com\/de\/produit\/rose-merlot-2022-2\/\",\"url\":\"https:\/\/chateaucamponac.com\/de\/produit\/rose-merlot-2022-2\/\",\"name\":\"false\",\"isPartOf\":{\"@id\":\"https:\/\/chateaucamponac.com\/#website\"},\"primaryImageOfPage\":{\"@id\":\"https:\/\/chateaucamponac.com\/de\/produit\/rose-merlot-2022-2\/#primaryimage\"},\"image\":{\"@id\":\"https:\/\/chateaucamponac.com\/de\/produit\/rose-merlot-2022-2\/#primaryimage\"},\"thumbnailUrl\":\"https:\/\/i0.wp.com\/chateaucamponac.com\/wp-content\/uploads\/2023\/05\/rose-scaled.jpg?fit=1920%2C2560&ssl=1\",\"datePublished\":\"2023-05-24T18:57:12+00:00\",\"dateModified\":\"2024-05-15T15:48:54+00:00\",\"description\":\"\u00c9lev\u00e9 et matur\u00e9 en fut de ch\u00eane, vin floral, l\u00e9ger, facile \u00e0 boire. degr\u00e9\u00a0alcool 13%Vin de France\",\"breadcrumb\":{\"@id\":\"https:\/\/chateaucamponac.com\/de\/produit\/rose-merlot-2022-2\/#breadcrumb\"},\"inLanguage\":\"en-GB\",\"potentialAction\":[{\"@type\":\"ReadAction\",\"target\":[\"https:\/\/chateaucamponac.com\/de\/produit\/rose-merlot-2022-2\/\"]}]},{\"@type\":\"ImageObject\",\"inLanguage\":\"en-GB\",\"@id\":\"https:\/\/chateaucamponac.com\/de\/produit\/rose-merlot-2022-2\/#primaryimage\",\"url\":\"https:\/\/i0.wp.com\/chateaucamponac.com\/wp-content\/uploads\/2023\/05\/rose-scaled.jpg?fit=1920%2C2560&ssl=1\",\"contentUrl\":\"https:\/\/i0.wp.com\/chateaucamponac.com\/wp-content\/uploads\/2023\/05\/rose-scaled.jpg?fit=1920%2C2560&ssl=1\",\"width\":1920,\"height\":2560},{\"@type\":\"BreadcrumbList\",\"@id\":\"https:\/\/chateaucamponac.com\/de\/produit\/rose-merlot-2022-2\/#breadcrumb\",\"itemListElement\":[{\"@type\":\"ListItem\",\"position\":1,\"name\":\"Accueil\",\"item\":\"https:\/\/chateaucamponac.com\/de\/\"},{\"@type\":\"ListItem\",\"position\":2,\"name\":\"Online-Shop\",\"item\":\"https:\/\/chateaucamponac.com\/de\/boutique\/\"},{\"@type\":\"ListItem\",\"position\":3,\"name\":\"Ros\u00e9 Merlot 2022\"}]},{\"@type\":\"WebSite\",\"@id\":\"https:\/\/chateaucamponac.com\/#website\",\"url\":\"https:\/\/chateaucamponac.com\/\",\"name\":\"Ch\u00e2teau Camponac\",\"description\":\"The passion for the terroir\",\"potentialAction\":[{\"@type\":\"SearchAction\",\"target\":{\"@type\":\"EntryPoint\",\"urlTemplate\":\"https:\/\/chateaucamponac.com\/?s={search_term_string}\"},\"query-input\":{\"@type\":\"PropertyValueSpecification\",\"valueRequired\":true,\"valueName\":\"search_term_string\"}}],\"inLanguage\":\"en-GB\"}]}<\/script>\n<!-- \/ Yoast SEO plugin. -->","yoast_head_json":{"title":"false","description":"\u00c9lev\u00e9 et matur\u00e9 en fut de ch\u00eane, vin floral, l\u00e9ger, facile \u00e0 boire. degr\u00e9\u00a0alcool 13%Vin de France","robots":{"index":"index","follow":"follow","max-snippet":"max-snippet:-1","max-image-preview":"max-image-preview:large","max-video-preview":"max-video-preview:-1"},"canonical":"https:\/\/chateaucamponac.com\/de\/produit\/rose-merlot-2022-2\/","og_locale":"en_GB","og_type":"article","og_title":"false","og_description":"\u00c9lev\u00e9 et matur\u00e9 en fut de ch\u00eane, vin floral, l\u00e9ger, facile \u00e0 boire. degr\u00e9\u00a0alcool 13%Vin de France","og_url":"https:\/\/chateaucamponac.com\/de\/produit\/rose-merlot-2022-2\/","og_site_name":"Ch\u00e2teau Camponac","article_modified_time":"2024-05-15T15:48:54+00:00","og_image":[{"width":1920,"height":2560,"url":"https:\/\/chateaucamponac.com\/wp-content\/uploads\/2023\/05\/rose-scaled.jpg","type":"image\/jpeg"}],"twitter_card":"summary_large_image","schema":{"@context":"https:\/\/schema.org","@graph":[{"@type":"WebPage","@id":"https:\/\/chateaucamponac.com\/de\/produit\/rose-merlot-2022-2\/","url":"https:\/\/chateaucamponac.com\/de\/produit\/rose-merlot-2022-2\/","name":"false","isPartOf":{"@id":"https:\/\/chateaucamponac.com\/#website"},"primaryImageOfPage":{"@id":"https:\/\/chateaucamponac.com\/de\/produit\/rose-merlot-2022-2\/#primaryimage"},"image":{"@id":"https:\/\/chateaucamponac.com\/de\/produit\/rose-merlot-2022-2\/#primaryimage"},"thumbnailUrl":"https:\/\/i0.wp.com\/chateaucamponac.com\/wp-content\/uploads\/2023\/05\/rose-scaled.jpg?fit=1920%2C2560&ssl=1","datePublished":"2023-05-24T18:57:12+00:00","dateModified":"2024-05-15T15:48:54+00:00","description":"\u00c9lev\u00e9 et matur\u00e9 en fut de ch\u00eane, vin floral, l\u00e9ger, facile \u00e0 boire. degr\u00e9\u00a0alcool 13%Vin de France","breadcrumb":{"@id":"https:\/\/chateaucamponac.com\/de\/produit\/rose-merlot-2022-2\/#breadcrumb"},"inLanguage":"en-GB","potentialAction":[{"@type":"ReadAction","target":["https:\/\/chateaucamponac.com\/de\/produit\/rose-merlot-2022-2\/"]}]},{"@type":"ImageObject","inLanguage":"en-GB","@id":"https:\/\/chateaucamponac.com\/de\/produit\/rose-merlot-2022-2\/#primaryimage","url":"https:\/\/i0.wp.com\/chateaucamponac.com\/wp-content\/uploads\/2023\/05\/rose-scaled.jpg?fit=1920%2C2560&ssl=1","contentUrl":"https:\/\/i0.wp.com\/chateaucamponac.com\/wp-content\/uploads\/2023\/05\/rose-scaled.jpg?fit=1920%2C2560&ssl=1","width":1920,"height":2560},{"@type":"BreadcrumbList","@id":"https:\/\/chateaucamponac.com\/de\/produit\/rose-merlot-2022-2\/#breadcrumb","itemListElement":[{"@type":"ListItem","position":1,"name":"Accueil","item":"https:\/\/chateaucamponac.com\/de\/"},{"@type":"ListItem","position":2,"name":"Online-Shop","item":"https:\/\/chateaucamponac.com\/de\/boutique\/"},{"@type":"ListItem","position":3,"name":"Ros\u00e9 Merlot 2022"}]},{"@type":"WebSite","@id":"https:\/\/chateaucamponac.com\/#website","url":"https:\/\/chateaucamponac.com\/","name":"Ch\u00e2teau Camponac","description":"The passion for the terroir","potentialAction":[{"@type":"SearchAction","target":{"@type":"EntryPoint","urlTemplate":"https:\/\/chateaucamponac.com\/?s={search_term_string}"},"query-input":{"@type":"PropertyValueSpecification","valueRequired":true,"valueName":"search_term_string"}}],"inLanguage":"en-GB"}]}},"jetpack_sharing_enabled":true,"_links":{"self":[{"href":"https:\/\/chateaucamponac.com\/en\/wp-json\/wp\/v2\/product\/1270","targetHints":{"allow":["GET"]}}],"collection":[{"href":"https:\/\/chateaucamponac.com\/en\/wp-json\/wp\/v2\/product"}],"about":[{"href":"https:\/\/chateaucamponac.com\/en\/wp-json\/wp\/v2\/types\/product"}],"replies":[{"embeddable":true,"href":"https:\/\/chateaucamponac.com\/en\/wp-json\/wp\/v2\/comments?post=1270"}],"wp:featuredmedia":[{"embeddable":true,"href":"https:\/\/chateaucamponac.com\/en\/wp-json\/wp\/v2\/media\/1304"}],"wp:attachment":[{"href":"https:\/\/chateaucamponac.com\/en\/wp-json\/wp\/v2\/media?parent=1270"}],"wp:term":[{"taxonomy":"product_cat","embeddable":true,"href":"https:\/\/chateaucamponac.com\/en\/wp-json\/wp\/v2\/product_cat?post=1270"},{"taxonomy":"product_tag","embeddable":true,"href":"https:\/\/chateaucamponac.com\/en\/wp-json\/wp\/v2\/product_tag?post=1270"}],"curies":[{"name":"wp","href":"https:\/\/api.w.org\/{rel}","templated":true}]}}