{"id":40,"date":"2023-05-30T08:37:16","date_gmt":"2023-05-30T07:37:16","guid":{"rendered":"https:\/\/chateaucamponac.fr\/?post_type=product&#038;p=40"},"modified":"2024-05-15T16:46:47","modified_gmt":"2024-05-15T15:46:47","slug":"merlot","status":"publish","type":"product","link":"https:\/\/chateaucamponac.com\/en\/produit\/merlot\/","title":{"rendered":"Merlot 2020 &#8211; Rated 90 by Andreas Larsson (World&#039;s Best Sommelier 2007)"},"content":{"rendered":"","protected":false},"excerpt":{"rendered":"<p>Wine from a clay-limestone hillside, vinified continuously for 16 months in new barrels. A powerful wine with aromas of red fruit and flowers, no added sulfites. Keeps for 15 years.<\/p>\n","protected":false},"featured_media":990,"comment_status":"closed","ping_status":"closed","template":"","meta":[],"product_cat":[61,63,79,33,28],"product_tag":[],"class_list":["post-40","product","type-product","status-publish","has-post-thumbnail","hentry","product_cat-forbes","product_cat-la-tulipe-rouge","product_cat-merlot","product_cat-red","product_cat-wein","pa_frmillesime-47"],"acf":[],"yoast_head":"<!-- This site is optimized with the Yoast SEO plugin v24.8.1 - https:\/\/yoast.com\/wordpress\/plugins\/seo\/ -->\n<title>Merlot 2020 - Merlot 2020 -  - Ch\u00e2teau Camponac<\/title>\n<meta name=\"robots\" content=\"index, follow, max-snippet:-1, max-image-preview:large, max-video-preview:-1\" \/>\n<link rel=\"canonical\" href=\"https:\/\/chateaucamponac.com\/de\/produit\/merlot\/\" \/>\n<meta property=\"og:locale\" content=\"en_GB\" \/>\n<meta property=\"og:type\" content=\"article\" \/>\n<meta property=\"og:title\" content=\"Merlot 2020 - Rated 90 by Andreas Larsson (World&#039;s Best Sommelier 2007)\" \/>\n<meta property=\"og:description\" content=\"Wine from a clay-limestone hillside, vinified continuously for 16 months in new barrels. A powerful wine with aromas of red fruit and flowers, no added sulfites. Keeps for 15 years.\" \/>\n<meta property=\"og:url\" content=\"https:\/\/chateaucamponac.com\/de\/produit\/merlot\/\" \/>\n<meta property=\"og:site_name\" content=\"Ch\u00e2teau Camponac\" \/>\n<meta property=\"article:modified_time\" content=\"2024-05-15T15:46:47+00:00\" \/>\n<meta property=\"og:image\" content=\"https:\/\/chateaucamponac.com\/wp-content\/uploads\/2021\/10\/CC_2020_Merlot_2-scaled.jpg\" \/>\n\t<meta property=\"og:image:width\" content=\"2286\" \/>\n\t<meta property=\"og:image:height\" content=\"2560\" \/>\n\t<meta property=\"og:image:type\" content=\"image\/jpeg\" \/>\n<meta name=\"twitter:card\" content=\"summary_large_image\" \/>\n<meta name=\"twitter:label1\" content=\"Estimated reading time\" \/>\n\t<meta name=\"twitter:data1\" content=\"1 minute\" \/>\n<script type=\"application\/ld+json\" class=\"yoast-schema-graph\">{\"@context\":\"https:\/\/schema.org\",\"@graph\":[{\"@type\":\"WebPage\",\"@id\":\"https:\/\/chateaucamponac.com\/de\/produit\/merlot\/\",\"url\":\"https:\/\/chateaucamponac.com\/de\/produit\/merlot\/\",\"name\":\"[:fr]Merlot 2020 - Not\u00e9 90 par Andreas Larsson (Meilleur sommelier monde 2007)[:en]Merlot 2020 - Rated 90 by Andreas Larsson (World&#039;s Best Sommelier 2007)[:de]Merlot[:] - Ch\u00e2teau Camponac\",\"isPartOf\":{\"@id\":\"https:\/\/chateaucamponac.com\/#website\"},\"primaryImageOfPage\":{\"@id\":\"https:\/\/chateaucamponac.com\/de\/produit\/merlot\/#primaryimage\"},\"image\":{\"@id\":\"https:\/\/chateaucamponac.com\/de\/produit\/merlot\/#primaryimage\"},\"thumbnailUrl\":\"https:\/\/i0.wp.com\/chateaucamponac.com\/wp-content\/uploads\/2021\/10\/CC_2020_Merlot_2-scaled.jpg?fit=2286%2C2560&ssl=1\",\"datePublished\":\"2023-05-30T07:37:16+00:00\",\"dateModified\":\"2024-05-15T15:46:47+00:00\",\"breadcrumb\":{\"@id\":\"https:\/\/chateaucamponac.com\/de\/produit\/merlot\/#breadcrumb\"},\"inLanguage\":\"en-GB\",\"potentialAction\":[{\"@type\":\"ReadAction\",\"target\":[\"https:\/\/chateaucamponac.com\/de\/produit\/merlot\/\"]}]},{\"@type\":\"ImageObject\",\"inLanguage\":\"en-GB\",\"@id\":\"https:\/\/chateaucamponac.com\/de\/produit\/merlot\/#primaryimage\",\"url\":\"https:\/\/i0.wp.com\/chateaucamponac.com\/wp-content\/uploads\/2021\/10\/CC_2020_Merlot_2-scaled.jpg?fit=2286%2C2560&ssl=1\",\"contentUrl\":\"https:\/\/i0.wp.com\/chateaucamponac.com\/wp-content\/uploads\/2021\/10\/CC_2020_Merlot_2-scaled.jpg?fit=2286%2C2560&ssl=1\",\"width\":2286,\"height\":2560},{\"@type\":\"BreadcrumbList\",\"@id\":\"https:\/\/chateaucamponac.com\/de\/produit\/merlot\/#breadcrumb\",\"itemListElement\":[{\"@type\":\"ListItem\",\"position\":1,\"name\":\"Accueil\",\"item\":\"https:\/\/chateaucamponac.com\/de\/\"},{\"@type\":\"ListItem\",\"position\":2,\"name\":\"Online-Shop\",\"item\":\"https:\/\/chateaucamponac.com\/de\/boutique\/\"},{\"@type\":\"ListItem\",\"position\":3,\"name\":\"Merlot\"}]},{\"@type\":\"WebSite\",\"@id\":\"https:\/\/chateaucamponac.com\/#website\",\"url\":\"https:\/\/chateaucamponac.com\/\",\"name\":\"Ch\u00e2teau Camponac\",\"description\":\"The passion for the terroir\",\"potentialAction\":[{\"@type\":\"SearchAction\",\"target\":{\"@type\":\"EntryPoint\",\"urlTemplate\":\"https:\/\/chateaucamponac.com\/?s={search_term_string}\"},\"query-input\":{\"@type\":\"PropertyValueSpecification\",\"valueRequired\":true,\"valueName\":\"search_term_string\"}}],\"inLanguage\":\"en-GB\"}]}<\/script>\n<!-- \/ Yoast SEO plugin. -->","yoast_head_json":{"title":"Merlot 2020 - Merlot 2020 -  - Ch\u00e2teau Camponac","robots":{"index":"index","follow":"follow","max-snippet":"max-snippet:-1","max-image-preview":"max-image-preview:large","max-video-preview":"max-video-preview:-1"},"canonical":"https:\/\/chateaucamponac.com\/de\/produit\/merlot\/","og_locale":"en_GB","og_type":"article","og_title":"[:fr]Merlot 2020 - Not\u00e9 90 par Andreas Larsson (Meilleur sommelier monde 2007)[:en]Merlot 2020 - Rated 90 by Andreas Larsson (World&#039;s Best Sommelier 2007)[:de]Merlot[:] - Ch\u00e2teau Camponac","og_description":"[:fr]Vin issus d&#039;un coteau argilo-calcaire vinification continue 16 mois en barrique neuve. Vin puissant aux ar\u00f4mes de fruits rouge et de fleurs, sans sulfites ajout\u00e9s, vin de garde 15 ans.[:en]Wine from a clay-limestone hillside, vinified continuously for 16 months in new barrels. A powerful wine with aromas of red fruit and flowers, no added sulfites. Keeps for 15 years.[:de]Wein von einem ton- und kalkhaltigen Hang. Kontinuierliche Weinbereitung 16 Monate in neuen F\u00e4ssern. Kr\u00e4ftiger Wein mit Aromen von roten Fr\u00fcchten und Blumen, ohne Zusatz von Sulfiten, Lagerf\u00e4higkeit 15 Jahre.[:]","og_url":"https:\/\/chateaucamponac.com\/de\/produit\/merlot\/","og_site_name":"Ch\u00e2teau Camponac","article_modified_time":"2024-05-15T15:46:47+00:00","og_image":[{"width":2286,"height":2560,"url":"https:\/\/chateaucamponac.com\/wp-content\/uploads\/2021\/10\/CC_2020_Merlot_2-scaled.jpg","type":"image\/jpeg"}],"twitter_card":"summary_large_image","twitter_misc":{"Estimated reading time":"1 minute"},"schema":{"@context":"https:\/\/schema.org","@graph":[{"@type":"WebPage","@id":"https:\/\/chateaucamponac.com\/de\/produit\/merlot\/","url":"https:\/\/chateaucamponac.com\/de\/produit\/merlot\/","name":"[:fr]Merlot 2020 - Not\u00e9 90 par Andreas Larsson (Meilleur sommelier monde 2007)[:en]Merlot 2020 - Rated 90 by Andreas Larsson (World&#039;s Best Sommelier 2007)[:de]Merlot[:] - Ch\u00e2teau Camponac","isPartOf":{"@id":"https:\/\/chateaucamponac.com\/#website"},"primaryImageOfPage":{"@id":"https:\/\/chateaucamponac.com\/de\/produit\/merlot\/#primaryimage"},"image":{"@id":"https:\/\/chateaucamponac.com\/de\/produit\/merlot\/#primaryimage"},"thumbnailUrl":"https:\/\/i0.wp.com\/chateaucamponac.com\/wp-content\/uploads\/2021\/10\/CC_2020_Merlot_2-scaled.jpg?fit=2286%2C2560&ssl=1","datePublished":"2023-05-30T07:37:16+00:00","dateModified":"2024-05-15T15:46:47+00:00","breadcrumb":{"@id":"https:\/\/chateaucamponac.com\/de\/produit\/merlot\/#breadcrumb"},"inLanguage":"en-GB","potentialAction":[{"@type":"ReadAction","target":["https:\/\/chateaucamponac.com\/de\/produit\/merlot\/"]}]},{"@type":"ImageObject","inLanguage":"en-GB","@id":"https:\/\/chateaucamponac.com\/de\/produit\/merlot\/#primaryimage","url":"https:\/\/i0.wp.com\/chateaucamponac.com\/wp-content\/uploads\/2021\/10\/CC_2020_Merlot_2-scaled.jpg?fit=2286%2C2560&ssl=1","contentUrl":"https:\/\/i0.wp.com\/chateaucamponac.com\/wp-content\/uploads\/2021\/10\/CC_2020_Merlot_2-scaled.jpg?fit=2286%2C2560&ssl=1","width":2286,"height":2560},{"@type":"BreadcrumbList","@id":"https:\/\/chateaucamponac.com\/de\/produit\/merlot\/#breadcrumb","itemListElement":[{"@type":"ListItem","position":1,"name":"Accueil","item":"https:\/\/chateaucamponac.com\/de\/"},{"@type":"ListItem","position":2,"name":"Online-Shop","item":"https:\/\/chateaucamponac.com\/de\/boutique\/"},{"@type":"ListItem","position":3,"name":"Merlot"}]},{"@type":"WebSite","@id":"https:\/\/chateaucamponac.com\/#website","url":"https:\/\/chateaucamponac.com\/","name":"Ch\u00e2teau Camponac","description":"The passion for the terroir","potentialAction":[{"@type":"SearchAction","target":{"@type":"EntryPoint","urlTemplate":"https:\/\/chateaucamponac.com\/?s={search_term_string}"},"query-input":{"@type":"PropertyValueSpecification","valueRequired":true,"valueName":"search_term_string"}}],"inLanguage":"en-GB"}]}},"jetpack_sharing_enabled":true,"_links":{"self":[{"href":"https:\/\/chateaucamponac.com\/en\/wp-json\/wp\/v2\/product\/40","targetHints":{"allow":["GET"]}}],"collection":[{"href":"https:\/\/chateaucamponac.com\/en\/wp-json\/wp\/v2\/product"}],"about":[{"href":"https:\/\/chateaucamponac.com\/en\/wp-json\/wp\/v2\/types\/product"}],"replies":[{"embeddable":true,"href":"https:\/\/chateaucamponac.com\/en\/wp-json\/wp\/v2\/comments?post=40"}],"wp:featuredmedia":[{"embeddable":true,"href":"https:\/\/chateaucamponac.com\/en\/wp-json\/wp\/v2\/media\/990"}],"wp:attachment":[{"href":"https:\/\/chateaucamponac.com\/en\/wp-json\/wp\/v2\/media?parent=40"}],"wp:term":[{"taxonomy":"product_cat","embeddable":true,"href":"https:\/\/chateaucamponac.com\/en\/wp-json\/wp\/v2\/product_cat?post=40"},{"taxonomy":"product_tag","embeddable":true,"href":"https:\/\/chateaucamponac.com\/en\/wp-json\/wp\/v2\/product_tag?post=40"}],"curies":[{"name":"wp","href":"https:\/\/api.w.org\/{rel}","templated":true}]}}