{"id":414,"date":"2021-10-31T21:39:35","date_gmt":"2021-10-31T20:39:35","guid":{"rendered":"https:\/\/chateaucamponac.com\/?post_type=product&#038;p=414"},"modified":"2024-05-15T16:49:46","modified_gmt":"2024-05-15T15:49:46","slug":"degustation","status":"publish","type":"product","link":"https:\/\/chateaucamponac.com\/en\/produit\/degustation\/","title":{"rendered":"Degustation"},"content":{"rendered":"","protected":false},"excerpt":{"rendered":"<p>In an authentic setting and warm atmosphere, we&#039;re delighted to introduce you to our local wines and share our history and that of the estate with you. Discover our vineyard and taste a selection of our vintages, with an explanation of the growing and vinification process. Minimum 4 people.<\/p>\n","protected":false},"featured_media":204,"comment_status":"closed","ping_status":"closed","template":"","meta":[],"product_cat":[],"product_tag":[],"class_list":["post-414","product","type-product","status-publish","has-post-thumbnail","hentry"],"acf":[],"yoast_head":"<!-- This site is optimized with the Yoast SEO plugin v24.8.1 - https:\/\/yoast.com\/wordpress\/plugins\/seo\/ -->\n<title>Degustation - Ch\u00e2teau Camponac<\/title>\n<meta name=\"robots\" content=\"index, follow, max-snippet:-1, max-image-preview:large, max-video-preview:-1\" \/>\n<link rel=\"canonical\" href=\"https:\/\/chateaucamponac.com\/de\/produit\/degustation\/\" \/>\n<meta property=\"og:locale\" content=\"en_GB\" \/>\n<meta property=\"og:type\" content=\"article\" \/>\n<meta property=\"og:title\" content=\"Degustation\" \/>\n<meta property=\"og:description\" content=\"In an authentic setting and warm atmosphere, we&#039;re delighted to introduce you to our local wines and share our history and that of the estate with you. Discover our vineyard and taste a selection of our vintages, with an explanation of the growing and vinification process. Minimum 4 people.\" \/>\n<meta property=\"og:url\" content=\"https:\/\/chateaucamponac.com\/de\/produit\/degustation\/\" \/>\n<meta property=\"og:site_name\" content=\"Ch\u00e2teau Camponac\" \/>\n<meta property=\"article:modified_time\" content=\"2024-05-15T15:49:46+00:00\" \/>\n<meta property=\"og:image\" content=\"https:\/\/chateaucamponac.com\/wp-content\/uploads\/2021\/10\/image1.png\" \/>\n\t<meta property=\"og:image:width\" content=\"1527\" \/>\n\t<meta property=\"og:image:height\" content=\"1018\" \/>\n\t<meta property=\"og:image:type\" content=\"image\/png\" \/>\n<meta name=\"twitter:card\" content=\"summary_large_image\" \/>\n<script type=\"application\/ld+json\" class=\"yoast-schema-graph\">{\"@context\":\"https:\/\/schema.org\",\"@graph\":[{\"@type\":\"WebPage\",\"@id\":\"https:\/\/chateaucamponac.com\/de\/produit\/degustation\/\",\"url\":\"https:\/\/chateaucamponac.com\/de\/produit\/degustation\/\",\"name\":\"[:fr]D\u00e9gustation[:en]Degustation[:de]Weinprobe[:] - Ch\u00e2teau Camponac\",\"isPartOf\":{\"@id\":\"https:\/\/chateaucamponac.com\/#website\"},\"primaryImageOfPage\":{\"@id\":\"https:\/\/chateaucamponac.com\/de\/produit\/degustation\/#primaryimage\"},\"image\":{\"@id\":\"https:\/\/chateaucamponac.com\/de\/produit\/degustation\/#primaryimage\"},\"thumbnailUrl\":\"https:\/\/i0.wp.com\/chateaucamponac.com\/wp-content\/uploads\/2021\/10\/image1.png?fit=1527%2C1018&ssl=1\",\"datePublished\":\"2021-10-31T20:39:35+00:00\",\"dateModified\":\"2024-05-15T15:49:46+00:00\",\"breadcrumb\":{\"@id\":\"https:\/\/chateaucamponac.com\/de\/produit\/degustation\/#breadcrumb\"},\"inLanguage\":\"en-GB\",\"potentialAction\":[{\"@type\":\"ReadAction\",\"target\":[\"https:\/\/chateaucamponac.com\/de\/produit\/degustation\/\"]}]},{\"@type\":\"ImageObject\",\"inLanguage\":\"en-GB\",\"@id\":\"https:\/\/chateaucamponac.com\/de\/produit\/degustation\/#primaryimage\",\"url\":\"https:\/\/i0.wp.com\/chateaucamponac.com\/wp-content\/uploads\/2021\/10\/image1.png?fit=1527%2C1018&ssl=1\",\"contentUrl\":\"https:\/\/i0.wp.com\/chateaucamponac.com\/wp-content\/uploads\/2021\/10\/image1.png?fit=1527%2C1018&ssl=1\",\"width\":1527,\"height\":1018},{\"@type\":\"BreadcrumbList\",\"@id\":\"https:\/\/chateaucamponac.com\/de\/produit\/degustation\/#breadcrumb\",\"itemListElement\":[{\"@type\":\"ListItem\",\"position\":1,\"name\":\"Accueil\",\"item\":\"https:\/\/chateaucamponac.com\/de\/\"},{\"@type\":\"ListItem\",\"position\":2,\"name\":\"Online-Shop\",\"item\":\"https:\/\/chateaucamponac.com\/de\/boutique\/\"},{\"@type\":\"ListItem\",\"position\":3,\"name\":\"Weinprobe\"}]},{\"@type\":\"WebSite\",\"@id\":\"https:\/\/chateaucamponac.com\/#website\",\"url\":\"https:\/\/chateaucamponac.com\/\",\"name\":\"Ch\u00e2teau Camponac\",\"description\":\"The passion for the terroir\",\"potentialAction\":[{\"@type\":\"SearchAction\",\"target\":{\"@type\":\"EntryPoint\",\"urlTemplate\":\"https:\/\/chateaucamponac.com\/?s={search_term_string}\"},\"query-input\":{\"@type\":\"PropertyValueSpecification\",\"valueRequired\":true,\"valueName\":\"search_term_string\"}}],\"inLanguage\":\"en-GB\"}]}<\/script>\n<!-- \/ Yoast SEO plugin. -->","yoast_head_json":{"title":"Degustation - Ch\u00e2teau Camponac","robots":{"index":"index","follow":"follow","max-snippet":"max-snippet:-1","max-image-preview":"max-image-preview:large","max-video-preview":"max-video-preview:-1"},"canonical":"https:\/\/chateaucamponac.com\/de\/produit\/degustation\/","og_locale":"en_GB","og_type":"article","og_title":"[:fr]D\u00e9gustation[:en]Degustation[:de]Weinprobe[:] - Ch\u00e2teau Camponac","og_description":"[:fr]Dans un cadre authentique et une ambiance chaleureuse, nous avons le plaisir de vous faire d\u00e9couvrir nos vins issus du terroir ainsi que de partager avec vous notre histoire et celle du domaine. Partez \u00e0 la d\u00e9couverte notre vignoble et d\u00e9gustez une s\u00e9lection de nos crus avec une explication du processus de cultivation et de vinification. Minimum 4 personnes.[:en]In an authentic setting and warm atmosphere, we&#039;re delighted to introduce you to our local wines and share our history and that of the estate with you. Discover our vineyard and taste a selection of our vintages, with an explanation of the growing and vinification process. Minimum 4 people.[:de]In einem authentischen Rahmen und einer herzlichen Atmosph\u00e4re freuen wir uns, Ihnen unsere Weine aus der Region vorzustellen und mit Ihnen unsere Geschichte und die des Weinguts zu teilen. Entdecken Sie unseren Weinberg und probieren Sie eine Auswahl unserer Weine mit einer Erkl\u00e4rung des Anbau- und Weinbereitungsprozesses. Mindestens 4 Personen.[:]","og_url":"https:\/\/chateaucamponac.com\/de\/produit\/degustation\/","og_site_name":"Ch\u00e2teau Camponac","article_modified_time":"2024-05-15T15:49:46+00:00","og_image":[{"width":1527,"height":1018,"url":"https:\/\/chateaucamponac.com\/wp-content\/uploads\/2021\/10\/image1.png","type":"image\/png"}],"twitter_card":"summary_large_image","schema":{"@context":"https:\/\/schema.org","@graph":[{"@type":"WebPage","@id":"https:\/\/chateaucamponac.com\/de\/produit\/degustation\/","url":"https:\/\/chateaucamponac.com\/de\/produit\/degustation\/","name":"[:fr]D\u00e9gustation[:en]Degustation[:de]Weinprobe[:] - Ch\u00e2teau Camponac","isPartOf":{"@id":"https:\/\/chateaucamponac.com\/#website"},"primaryImageOfPage":{"@id":"https:\/\/chateaucamponac.com\/de\/produit\/degustation\/#primaryimage"},"image":{"@id":"https:\/\/chateaucamponac.com\/de\/produit\/degustation\/#primaryimage"},"thumbnailUrl":"https:\/\/i0.wp.com\/chateaucamponac.com\/wp-content\/uploads\/2021\/10\/image1.png?fit=1527%2C1018&ssl=1","datePublished":"2021-10-31T20:39:35+00:00","dateModified":"2024-05-15T15:49:46+00:00","breadcrumb":{"@id":"https:\/\/chateaucamponac.com\/de\/produit\/degustation\/#breadcrumb"},"inLanguage":"en-GB","potentialAction":[{"@type":"ReadAction","target":["https:\/\/chateaucamponac.com\/de\/produit\/degustation\/"]}]},{"@type":"ImageObject","inLanguage":"en-GB","@id":"https:\/\/chateaucamponac.com\/de\/produit\/degustation\/#primaryimage","url":"https:\/\/i0.wp.com\/chateaucamponac.com\/wp-content\/uploads\/2021\/10\/image1.png?fit=1527%2C1018&ssl=1","contentUrl":"https:\/\/i0.wp.com\/chateaucamponac.com\/wp-content\/uploads\/2021\/10\/image1.png?fit=1527%2C1018&ssl=1","width":1527,"height":1018},{"@type":"BreadcrumbList","@id":"https:\/\/chateaucamponac.com\/de\/produit\/degustation\/#breadcrumb","itemListElement":[{"@type":"ListItem","position":1,"name":"Accueil","item":"https:\/\/chateaucamponac.com\/de\/"},{"@type":"ListItem","position":2,"name":"Online-Shop","item":"https:\/\/chateaucamponac.com\/de\/boutique\/"},{"@type":"ListItem","position":3,"name":"Weinprobe"}]},{"@type":"WebSite","@id":"https:\/\/chateaucamponac.com\/#website","url":"https:\/\/chateaucamponac.com\/","name":"Ch\u00e2teau Camponac","description":"The passion for the terroir","potentialAction":[{"@type":"SearchAction","target":{"@type":"EntryPoint","urlTemplate":"https:\/\/chateaucamponac.com\/?s={search_term_string}"},"query-input":{"@type":"PropertyValueSpecification","valueRequired":true,"valueName":"search_term_string"}}],"inLanguage":"en-GB"}]}},"jetpack_sharing_enabled":true,"_links":{"self":[{"href":"https:\/\/chateaucamponac.com\/en\/wp-json\/wp\/v2\/product\/414","targetHints":{"allow":["GET"]}}],"collection":[{"href":"https:\/\/chateaucamponac.com\/en\/wp-json\/wp\/v2\/product"}],"about":[{"href":"https:\/\/chateaucamponac.com\/en\/wp-json\/wp\/v2\/types\/product"}],"replies":[{"embeddable":true,"href":"https:\/\/chateaucamponac.com\/en\/wp-json\/wp\/v2\/comments?post=414"}],"wp:featuredmedia":[{"embeddable":true,"href":"https:\/\/chateaucamponac.com\/en\/wp-json\/wp\/v2\/media\/204"}],"wp:attachment":[{"href":"https:\/\/chateaucamponac.com\/en\/wp-json\/wp\/v2\/media?parent=414"}],"wp:term":[{"taxonomy":"product_cat","embeddable":true,"href":"https:\/\/chateaucamponac.com\/en\/wp-json\/wp\/v2\/product_cat?post=414"},{"taxonomy":"product_tag","embeddable":true,"href":"https:\/\/chateaucamponac.com\/en\/wp-json\/wp\/v2\/product_tag?post=414"}],"curies":[{"name":"wp","href":"https:\/\/api.w.org\/{rel}","templated":true}]}}